{"id":11230,"date":"2013-12-31T20:14:57","date_gmt":"2013-12-31T19:14:57","guid":{"rendered":"http:\/\/blog.kunstgriff.net\/?page_id=11230"},"modified":"2014-03-22T20:25:32","modified_gmt":"2014-03-22T19:25:32","slug":"to-do-in-2014","status":"publish","type":"page","link":"https:\/\/blog.kunstgriff.net\/?page_id=11230","title":{"rendered":"\u00bbTo-Do\u00ab in 2014"},"content":{"rendered":"<span class=\"span-reading-time rt-reading-time\" style=\"display: block;\"><span class=\"rt-label rt-prefix\">Lesezeit: <\/span> <span class=\"rt-time\"> &lt; 1<\/span> <span class=\"rt-label rt-postfix\">Minute<\/span><\/span><table>\n<tbody>\n<tr>\n<th>DATUM<\/th>\n<th>VERANSTALTER<\/th>\n<th>MEIN<\/th>\n<\/tr>\n<tr>\n<td>Februar<\/td>\n<td><a href=\"http:\/\/www.paris-brest-paris.de\" target=\"_blank\">Paris-Brest-Paris auf meinem Ergometer<\/a><\/td>\n<td><\/td>\n<\/tr>\n<tr>\n<td>30. M\u00e4rz<\/td>\n<td><a href=\"http:\/\/www.berliner-halbmarathon.de\" target=\"_blank\">34. Vattenfall Halbmarathon<\/a><\/td>\n<td><\/td>\n<\/tr>\n<tr>\n<td>31. M\u00e4rz &#8211; 11. April<\/td>\n<td><a href=\"http:\/\/www.clubpollentia.com\/hotel-overview.html\" target=\"_blank\">Trainingscamp Port de Pollenca Mallorca<\/a><\/td>\n<td><a href=\"http:\/\/blog.kunstgriff.net\/?p=8140\" target=\"_blank\">\u00a0<\/a><\/td>\n<\/tr>\n<tr>\n<td>26. April<\/td>\n<td><a href=\"http:\/\/www.spreewaldmarathon.de\" target=\"_blank\">Spreewald Marathon 200 km<\/a><\/td>\n<td><a href=\"http:\/\/blog.kunstgriff.net\/?p=8229\" target=\"_blank\">\u00a0<\/a><\/td>\n<\/tr>\n<tr>\n<td>27. Mai &#8211; 1. Juni<\/td>\n<td><a href=\"http:\/\/www.itf-radreisen.de\" target=\"_blank\">13. Jedermann-Friedensfahrt 2014<\/a><\/td>\n<td><a href=\"http:\/\/blog.kunstgriff.net\/?p=8229\" target=\"_blank\">\u00a0<\/a><\/td>\n<\/tr>\n<tr>\n<td>23. &#8211; 27. Juni<\/td>\n<td><a href=\"http:\/\/www.clubcinglesventoux.org\/\" target=\"_blank\">Club der Verr\u00fcckten &#8211; Mt. Ventoux<\/a><\/td>\n<td><a href=\"http:\/\/blog.kunstgriff.net\/?p=8229\" target=\"_blank\">\u00a0<\/a><\/td>\n<\/tr>\n<tr>\n<td>27. Juli<\/td>\n<td><a href=\"http:\/\/www.https:\/\/www.arberradmarathon.de\" target=\"_blank\">Arber Radmarathon<\/a><\/td>\n<td><a href=\"http:\/\/blog.kunstgriff.net\/?p=8229\" target=\"_blank\">\u00a0<\/a><\/td>\n<\/tr>\n<tr>\n<td>11. Oktober<\/td>\n<td><a href=\"http:\/\/www.audaxclub-sh.de\/node\/501\" target=\"_blank\">Hamburg -&gt; Berlin 2014<\/a><\/td>\n<td><a href=\"http:\/\/blog.kunstgriff.net\/?p=8229\" target=\"_blank\">\u00a0<\/a><\/td>\n<\/tr>\n<\/tbody>\n<\/table>\n","protected":false},"excerpt":{"rendered":"<p>DATUM VERANSTALTER MEIN Februar Paris-Brest-Paris auf meinem Ergometer 30. M\u00e4rz 34. Vattenfall Halbmarathon 31. M\u00e4rz &#8211; 11. April Trainingscamp Port de Pollenca Mallorca \u00a0 26. April Spreewald Marathon 200 km \u00a0 27. Mai &#8211; 1. Juni 13. Jedermann-Friedensfahrt 2014 \u00a0 23. &#8211; 27. Juni Club der Verr\u00fcckten &#8211; Mt. Ventoux \u00a0 27. Juli Arber Radmarathon &hellip; <\/p>\n<p class=\"link-more\"><a href=\"https:\/\/blog.kunstgriff.net\/?page_id=11230\" class=\"more-link\"><span class=\"screen-reader-text\">\u201e\u00bbTo-Do\u00ab in 2014\u201c <\/span>weiterlesen<\/a><\/p>\n","protected":false},"author":1,"featured_media":0,"parent":220,"menu_order":1,"comment_status":"open","ping_status":"open","template":"","meta":{"jetpack_post_was_ever_published":false,"footnotes":""},"class_list":["post-11230","page","type-page","status-publish","hentry"],"jetpack_shortlink":"https:\/\/wp.me\/P8Cxe7-2V8","jetpack-related-posts":[{"id":1051,"url":"https:\/\/blog.kunstgriff.net\/?page_id=1051","url_meta":{"origin":11230,"position":0},"title":"MyBike &#038; Me","author":"admin","date":"M\u00e4rz 16, 2010","format":false,"excerpt":"Tour durchs L\u00f6wenberger Land 2008 mit den Havelland Riders Hinter Wittenberge Hamburg->Berlin 2007 Prenzlau H\u00fcgel Marathon 2008 Fahrt zum Cap Formentor - Mallorca im M\u00e4rz 2009 Die letzten Meter hoch nach San Salvador - Mallorca 2009 Anstieg nach Kloster Luc - Mallorca im M\u00e4rz 2009 \u00a0 Mein Rennrad bis 2014.\u2026","rel":"","context":"In &quot;Allgemein&quot;","block_context":{"text":"Allgemein","link":"https:\/\/blog.kunstgriff.net\/?cat=1"},"img":{"alt_text":"","src":"https:\/\/i0.wp.com\/blog.kunstgriff.net\/wp-content\/uploads\/2010\/03\/DSC00702.jpg?resize=350%2C200","width":350,"height":200,"srcset":"https:\/\/i0.wp.com\/blog.kunstgriff.net\/wp-content\/uploads\/2010\/03\/DSC00702.jpg?resize=350%2C200 1x, https:\/\/i0.wp.com\/blog.kunstgriff.net\/wp-content\/uploads\/2010\/03\/DSC00702.jpg?resize=525%2C300 1.5x"},"classes":[]},{"id":5781,"url":"https:\/\/blog.kunstgriff.net\/?page_id=5781","url_meta":{"origin":11230,"position":1},"title":"\u00bbDone\u00ab in 2012","author":"Georg","date":"Januar 1, 2012","format":false,"excerpt":"Datum Veranstalter Mein 09. \u2013 18. M\u00e4rz Trainingscamp Mallorca \u221a Artikel-Link 14. April Oranienburg -> Warnem\u00fcnde \u221a Artikel-Link 28. April RTF \u00bbzur Schorfheide\u00ab Nr. 2082 \u221a Artikel-Link 29. April RTF \u00bbNordexpress\u00ab - Nr. 2093 (151 km) \u221a Artikel-Link 12. Mai Oranienburg -> \u00dcckeritz auf Usedom (215 km) \u221a Artikel-Link 16.\u2026","rel":"","context":"In &quot;Allgemein&quot;","block_context":{"text":"Allgemein","link":"https:\/\/blog.kunstgriff.net\/?cat=1"},"img":{"alt_text":"","src":"","width":0,"height":0},"classes":[]},{"id":2688,"url":"https:\/\/blog.kunstgriff.net\/?page_id=2688","url_meta":{"origin":11230,"position":2},"title":"VR Rad-Training","author":"admin","date":"November 5, 2010","format":false,"excerpt":"Lange habe ich \u00fcberlegt, wie ich sinnvoll \u00fcber den Winter kommen kann und meine Kondition nicht nur durch Laufeinheiten, McFit und MTB-Touren erhalten bleibt. Bisher hatte ich mich immer dagegen gewehrt, zu Hause Sport zu treiben. Zu Hause ist \u00bbComfort Zone\u00ab\u00a0und soll nicht f\u00fcr Sport genutzt werden. So war bisher\u2026","rel":"","context":"In &quot;Allgemein&quot;","block_context":{"text":"Allgemein","link":"https:\/\/blog.kunstgriff.net\/?cat=1"},"img":{"alt_text":"ergo","src":"https:\/\/i0.wp.com\/www.daum-electronic.de\/images\/prem\/rot\/pr8iSeit600.jpg?resize=350%2C200","width":350,"height":200},"classes":[]},{"id":17121,"url":"https:\/\/blog.kunstgriff.net\/?page_id=17121","url_meta":{"origin":11230,"position":3},"title":"Mein Ergometer","author":"admin","date":"Dezember 9, 2017","format":false,"excerpt":"Lange habe ich \u00fcberlegt, wie ich sinnvoll \u00fcber den Winter kommen kann und meine Kondition nicht nur durch Laufeinheiten, McFit und MTB-Touren erhalten bleibt. Bisher hatte ich mich immer dagegen gewehrt, zu Hause Sport zu treiben. Zu Hause ist \u00bbComfort Zone\u00ab\u00a0und soll nicht f\u00fcr Sport genutzt werden. So war bisher\u2026","rel":"","context":"\u00c4hnlicher Beitrag","block_context":{"text":"\u00c4hnlicher Beitrag","link":""},"img":{"alt_text":"ergo","src":"https:\/\/i0.wp.com\/www.daum-electronic.de\/images\/prem\/rot\/pr8iSeit600.jpg?resize=350%2C200","width":350,"height":200},"classes":[]},{"id":15669,"url":"https:\/\/blog.kunstgriff.net\/?page_id=15669","url_meta":{"origin":11230,"position":4},"title":"Fresspuls &#8211; Ein Erkl\u00e4rungsversuch","author":"admin","date":"Mai 28, 2017","format":false,"excerpt":"Erkl\u00e4rung des Begriffs Fress-Puls","rel":"","context":"\u00c4hnlicher Beitrag","block_context":{"text":"\u00c4hnlicher Beitrag","link":""},"img":{"alt_text":"","src":"https:\/\/i0.wp.com\/blog.kunstgriff.net\/wp-content\/uploads\/2017\/05\/Riesen-Kuchenauswahl-beim-Backwahn-in-P%C3%A4wesin.jpg?fit=1200%2C800&ssl=1&resize=350%2C200","width":350,"height":200,"srcset":"https:\/\/i0.wp.com\/blog.kunstgriff.net\/wp-content\/uploads\/2017\/05\/Riesen-Kuchenauswahl-beim-Backwahn-in-P%C3%A4wesin.jpg?fit=1200%2C800&ssl=1&resize=350%2C200 1x, https:\/\/i0.wp.com\/blog.kunstgriff.net\/wp-content\/uploads\/2017\/05\/Riesen-Kuchenauswahl-beim-Backwahn-in-P%C3%A4wesin.jpg?fit=1200%2C800&ssl=1&resize=525%2C300 1.5x, https:\/\/i0.wp.com\/blog.kunstgriff.net\/wp-content\/uploads\/2017\/05\/Riesen-Kuchenauswahl-beim-Backwahn-in-P%C3%A4wesin.jpg?fit=1200%2C800&ssl=1&resize=700%2C400 2x, https:\/\/i0.wp.com\/blog.kunstgriff.net\/wp-content\/uploads\/2017\/05\/Riesen-Kuchenauswahl-beim-Backwahn-in-P%C3%A4wesin.jpg?fit=1200%2C800&ssl=1&resize=1050%2C600 3x"},"classes":[]},{"id":2766,"url":"https:\/\/blog.kunstgriff.net\/?page_id=2766","url_meta":{"origin":11230,"position":5},"title":"\u00bbDone\u00ab in 2011","author":"admin","date":"November 8, 2010","format":false,"excerpt":"10.03.2011 \u2013 18.03.2011 Cape Argus Pick 'n Pay 2011\u221a (Artikel-Link) 03.04.2011 \u2013 17.04.2011 Trainingscamp Mallorca\u221a (Artikel-Link) 01.06.2011 \u2013 05.06.2011 Jedermann \u2013 \u201eFriedensfahrt\u201c 2011\u221a (Artikel-Link) 17.06.2011 - 18.06.2011 V\u00e4tternrundan 300 km\u221a (Artikel-Link) 23.06.2011 Team-Zeitfahren vom Eisenschweinkader\u221a (Artikel-Link) 25.06.2011 - 27.06.2011 FichKona\u221a (Artikel-Link) 02.07.2011 - 10.07.2011 quaeldich.de-Deutschland-Rundfahrt 2011\u221a (Artikel-Link) 31.07.2011 27. Arber-Radmarathon\u221a\u2026","rel":"","context":"In &quot;Allgemein&quot;","block_context":{"text":"Allgemein","link":"https:\/\/blog.kunstgriff.net\/?cat=1"},"img":{"alt_text":"","src":"","width":0,"height":0},"classes":[]}],"jetpack_likes_enabled":true,"jetpack_sharing_enabled":true,"_links":{"self":[{"href":"https:\/\/blog.kunstgriff.net\/index.php?rest_route=\/wp\/v2\/pages\/11230","targetHints":{"allow":["GET"]}}],"collection":[{"href":"https:\/\/blog.kunstgriff.net\/index.php?rest_route=\/wp\/v2\/pages"}],"about":[{"href":"https:\/\/blog.kunstgriff.net\/index.php?rest_route=\/wp\/v2\/types\/page"}],"author":[{"embeddable":true,"href":"https:\/\/blog.kunstgriff.net\/index.php?rest_route=\/wp\/v2\/users\/1"}],"replies":[{"embeddable":true,"href":"https:\/\/blog.kunstgriff.net\/index.php?rest_route=%2Fwp%2Fv2%2Fcomments&post=11230"}],"version-history":[{"count":0,"href":"https:\/\/blog.kunstgriff.net\/index.php?rest_route=\/wp\/v2\/pages\/11230\/revisions"}],"up":[{"embeddable":true,"href":"https:\/\/blog.kunstgriff.net\/index.php?rest_route=\/wp\/v2\/pages\/220"}],"wp:attachment":[{"href":"https:\/\/blog.kunstgriff.net\/index.php?rest_route=%2Fwp%2Fv2%2Fmedia&parent=11230"}],"curies":[{"name":"wp","href":"https:\/\/api.w.org\/{rel}","templated":true}]}}