{"id":18961,"date":"2019-01-15T14:11:19","date_gmt":"2019-01-15T13:11:19","guid":{"rendered":"https:\/\/blog.kunstgriff.net\/?page_id=18961"},"modified":"2019-01-15T14:11:19","modified_gmt":"2019-01-15T13:11:19","slug":"produkte","status":"publish","type":"page","link":"https:\/\/blog.kunstgriff.net\/?page_id=18961","title":{"rendered":"Produkte"},"content":{"rendered":"<span class=\"span-reading-time rt-reading-time\" style=\"display: block;\"><span class=\"rt-label rt-prefix\">Lesezeit: <\/span> <span class=\"rt-time\"> &lt; 1<\/span> <span class=\"rt-label rt-postfix\">Minute<\/span><\/span><p>Immer mal wieder laufen mir, neben meinem Garmin auch andere Produkte \u00fcber den Weg, die ich dann teste, und hier meinen Senf dazu gebe. Nicht, dass ich jetzt in die Fu\u00dfstapfen von <a href=\"https:\/\/www.dcrainmaker.com\" target=\"_blank\" rel=\"noopener\">DC-Rainmaker<\/a> oder <a href=\"https:\/\/gplama.blogspot.com\" target=\"_blank\" rel=\"noopener\">Shane Miller<\/a> treten m\u00f6chte. \u00a0Aber wenn ich etwas entdecke, was ich als sinnvoll erachte und mit anderen Radsport-Begeisterten teilen kann, dann ist das hier der richtige Ort f\u00fcr mich.<\/p>\n","protected":false},"excerpt":{"rendered":"<p>Immer mal wieder laufen mir, neben meinem Garmin auch andere Produkte \u00fcber den Weg, die ich dann teste, und hier meinen Senf dazu gebe. Nicht, dass ich jetzt in die Fu\u00dfstapfen von DC-Rainmaker oder Shane Miller treten m\u00f6chte. \u00a0Aber wenn ich etwas entdecke, was ich als sinnvoll erachte und mit anderen Radsport-Begeisterten teilen kann, dann &hellip; <\/p>\n<p class=\"link-more\"><a href=\"https:\/\/blog.kunstgriff.net\/?page_id=18961\" class=\"more-link\"><span class=\"screen-reader-text\">\u201eProdukte\u201c <\/span>weiterlesen<\/a><\/p>\n","protected":false},"author":1,"featured_media":0,"parent":0,"menu_order":0,"comment_status":"closed","ping_status":"closed","template":"","meta":{"jetpack_post_was_ever_published":false,"footnotes":""},"class_list":["post-18961","page","type-page","status-publish","hentry"],"jetpack_shortlink":"https:\/\/wp.me\/P8Cxe7-4VP","jetpack-related-posts":[{"id":21330,"url":"https:\/\/blog.kunstgriff.net\/?page_id=21330","url_meta":{"origin":18961,"position":0},"title":"Radler-Nahrung","author":"admin","date":"Juni 15, 2020","format":false,"excerpt":"\u00d6fters werde ich gefragt, welche Nahrung man denn so als Radsportler w\u00e4hrend des Trainings zu sich nehmen kann und sollte. Vorweg, die folgenden Produkte basieren auf pers\u00f6nlicher, langj\u00e4hriger Erfahrung und sind nicht wissenschaftlich als Leistungssteigernd getestet. Sie bekommen mir einfach gut, und geben mir schnell verf\u00fcgbare, leicht verdauliche Energie. Und\u2026","rel":"","context":"\u00c4hnlicher Beitrag","block_context":{"text":"\u00c4hnlicher Beitrag","link":""},"img":{"alt_text":"","src":"https:\/\/i0.wp.com\/blog.kunstgriff.net\/wp-content\/uploads\/2020\/06\/Waffel.jpg?fit=1200%2C498&ssl=1&resize=350%2C200","width":350,"height":200,"srcset":"https:\/\/i0.wp.com\/blog.kunstgriff.net\/wp-content\/uploads\/2020\/06\/Waffel.jpg?fit=1200%2C498&ssl=1&resize=350%2C200 1x, https:\/\/i0.wp.com\/blog.kunstgriff.net\/wp-content\/uploads\/2020\/06\/Waffel.jpg?fit=1200%2C498&ssl=1&resize=525%2C300 1.5x, https:\/\/i0.wp.com\/blog.kunstgriff.net\/wp-content\/uploads\/2020\/06\/Waffel.jpg?fit=1200%2C498&ssl=1&resize=700%2C400 2x, https:\/\/i0.wp.com\/blog.kunstgriff.net\/wp-content\/uploads\/2020\/06\/Waffel.jpg?fit=1200%2C498&ssl=1&resize=1050%2C600 3x"},"classes":[]},{"id":18967,"url":"https:\/\/blog.kunstgriff.net\/?page_id=18967","url_meta":{"origin":18961,"position":1},"title":"Fidlock Flaschen\u2011System","author":"admin","date":"Januar 15, 2019","format":false,"excerpt":"Immer wieder mal bin ich an diesen Trinkflaschen vorbei geschrammt. Das letzte mal auf der Berliner Fahrrad-Schau, als auf deren Stand eindrucksvoll demonstriert wurde, wie gut und zielsicher, der Magnetverschluss funktioniert. Richtig \u00bbsold\u00ab war ich noch nicht, denn keiner meiner Radsport-Kumpanen nutzte dieses Trinksystem an seinem Renner. \u00df-Tester wollte ich\u2026","rel":"","context":"\u00c4hnlicher Beitrag","block_context":{"text":"\u00c4hnlicher Beitrag","link":""},"img":{"alt_text":"","src":"https:\/\/i0.wp.com\/blog.kunstgriff.net\/wp-content\/uploads\/2019\/01\/Rahmen-mit-Fidlock-Flaschen.jpg?resize=350%2C200&ssl=1","width":350,"height":200,"srcset":"https:\/\/i0.wp.com\/blog.kunstgriff.net\/wp-content\/uploads\/2019\/01\/Rahmen-mit-Fidlock-Flaschen.jpg?resize=350%2C200&ssl=1 1x, https:\/\/i0.wp.com\/blog.kunstgriff.net\/wp-content\/uploads\/2019\/01\/Rahmen-mit-Fidlock-Flaschen.jpg?resize=525%2C300&ssl=1 1.5x, https:\/\/i0.wp.com\/blog.kunstgriff.net\/wp-content\/uploads\/2019\/01\/Rahmen-mit-Fidlock-Flaschen.jpg?resize=700%2C400&ssl=1 2x, https:\/\/i0.wp.com\/blog.kunstgriff.net\/wp-content\/uploads\/2019\/01\/Rahmen-mit-Fidlock-Flaschen.jpg?resize=1050%2C600&ssl=1 3x, https:\/\/i0.wp.com\/blog.kunstgriff.net\/wp-content\/uploads\/2019\/01\/Rahmen-mit-Fidlock-Flaschen.jpg?resize=1400%2C800&ssl=1 4x"},"classes":[]},{"id":25,"url":"https:\/\/blog.kunstgriff.net\/?page_id=25","url_meta":{"origin":18961,"position":2},"title":"FunPics","author":"admin","date":"Oktober 12, 2009","format":false,"excerpt":"Die Bilder sind aus unterschiedlichsten Quellen aus dem Internet von mir und Freunden zusammen getragen worden. Ich versuche alles, was mit\u00a0Fahrr\u00e4dern\u00a0und\u00a0Spass\u00a0zu tun hat, zu sammeln und hier zu ver\u00f6ffentlichen. Sollte hier ein Bild dabei sein, welches die Rechte Dritter verletzt oder zu dem es ein fremdes Copyright gibt, m\u00f6chte ich\u2026","rel":"","context":"In &quot;Allgemein&quot;","block_context":{"text":"Allgemein","link":"https:\/\/blog.kunstgriff.net\/?cat=1"},"img":{"alt_text":"","src":"https:\/\/i0.wp.com\/blog.kunstgriff.net\/wp-content\/uploads\/2009\/10\/34.jpg?resize=350%2C200","width":350,"height":200,"srcset":"https:\/\/i0.wp.com\/blog.kunstgriff.net\/wp-content\/uploads\/2009\/10\/34.jpg?resize=350%2C200 1x, https:\/\/i0.wp.com\/blog.kunstgriff.net\/wp-content\/uploads\/2009\/10\/34.jpg?resize=525%2C300 1.5x"},"classes":[]},{"id":47,"url":"https:\/\/blog.kunstgriff.net\/?page_id=47","url_meta":{"origin":18961,"position":3},"title":"Garmin","author":"admin","date":"Oktober 13, 2009","format":false,"excerpt":"Ich bin ein gro\u00dfer Fan von Fitness- und Navigationsprodukten der Firma Garmin. Das hat mir im Rennrad-Forum auch schon den Spitznamen \u00bbGarmin-Schorsch\u00ab eingebracht. Ich lade alle meine Aktivit\u00e4ten zum kostenlosen Portal von Garmin hoch. Dieses hei\u00dft GarminConnect und meine Aktivit\u00e4tsdaten kannst Du Dir hier ansehen. Auf dieser Seite habe ich\u2026","rel":"","context":"In &quot;Allgemein&quot;","block_context":{"text":"Allgemein","link":"https:\/\/blog.kunstgriff.net\/?cat=1"},"img":{"alt_text":"","src":"https:\/\/i0.wp.com\/blog.kunstgriff.net\/wp-content\/uploads\/2018\/04\/noch-nicht-weit-gekommen.jpg?fit=1200%2C800&ssl=1&resize=350%2C200","width":350,"height":200,"srcset":"https:\/\/i0.wp.com\/blog.kunstgriff.net\/wp-content\/uploads\/2018\/04\/noch-nicht-weit-gekommen.jpg?fit=1200%2C800&ssl=1&resize=350%2C200 1x, https:\/\/i0.wp.com\/blog.kunstgriff.net\/wp-content\/uploads\/2018\/04\/noch-nicht-weit-gekommen.jpg?fit=1200%2C800&ssl=1&resize=525%2C300 1.5x, https:\/\/i0.wp.com\/blog.kunstgriff.net\/wp-content\/uploads\/2018\/04\/noch-nicht-weit-gekommen.jpg?fit=1200%2C800&ssl=1&resize=700%2C400 2x, https:\/\/i0.wp.com\/blog.kunstgriff.net\/wp-content\/uploads\/2018\/04\/noch-nicht-weit-gekommen.jpg?fit=1200%2C800&ssl=1&resize=1050%2C600 3x"},"classes":[]},{"id":2688,"url":"https:\/\/blog.kunstgriff.net\/?page_id=2688","url_meta":{"origin":18961,"position":4},"title":"VR Rad-Training","author":"admin","date":"November 5, 2010","format":false,"excerpt":"Lange habe ich \u00fcberlegt, wie ich sinnvoll \u00fcber den Winter kommen kann und meine Kondition nicht nur durch Laufeinheiten, McFit und MTB-Touren erhalten bleibt. Bisher hatte ich mich immer dagegen gewehrt, zu Hause Sport zu treiben. Zu Hause ist \u00bbComfort Zone\u00ab\u00a0und soll nicht f\u00fcr Sport genutzt werden. So war bisher\u2026","rel":"","context":"In &quot;Allgemein&quot;","block_context":{"text":"Allgemein","link":"https:\/\/blog.kunstgriff.net\/?cat=1"},"img":{"alt_text":"ergo","src":"https:\/\/i0.wp.com\/www.daum-electronic.de\/images\/prem\/rot\/pr8iSeit600.jpg?resize=350%2C200","width":350,"height":200},"classes":[]},{"id":17121,"url":"https:\/\/blog.kunstgriff.net\/?page_id=17121","url_meta":{"origin":18961,"position":5},"title":"Mein Ergometer","author":"admin","date":"Dezember 9, 2017","format":false,"excerpt":"Lange habe ich \u00fcberlegt, wie ich sinnvoll \u00fcber den Winter kommen kann und meine Kondition nicht nur durch Laufeinheiten, McFit und MTB-Touren erhalten bleibt. Bisher hatte ich mich immer dagegen gewehrt, zu Hause Sport zu treiben. Zu Hause ist \u00bbComfort Zone\u00ab\u00a0und soll nicht f\u00fcr Sport genutzt werden. So war bisher\u2026","rel":"","context":"\u00c4hnlicher Beitrag","block_context":{"text":"\u00c4hnlicher Beitrag","link":""},"img":{"alt_text":"ergo","src":"https:\/\/i0.wp.com\/www.daum-electronic.de\/images\/prem\/rot\/pr8iSeit600.jpg?resize=350%2C200","width":350,"height":200},"classes":[]}],"jetpack_likes_enabled":true,"jetpack_sharing_enabled":true,"_links":{"self":[{"href":"https:\/\/blog.kunstgriff.net\/index.php?rest_route=\/wp\/v2\/pages\/18961","targetHints":{"allow":["GET"]}}],"collection":[{"href":"https:\/\/blog.kunstgriff.net\/index.php?rest_route=\/wp\/v2\/pages"}],"about":[{"href":"https:\/\/blog.kunstgriff.net\/index.php?rest_route=\/wp\/v2\/types\/page"}],"author":[{"embeddable":true,"href":"https:\/\/blog.kunstgriff.net\/index.php?rest_route=\/wp\/v2\/users\/1"}],"replies":[{"embeddable":true,"href":"https:\/\/blog.kunstgriff.net\/index.php?rest_route=%2Fwp%2Fv2%2Fcomments&post=18961"}],"version-history":[{"count":0,"href":"https:\/\/blog.kunstgriff.net\/index.php?rest_route=\/wp\/v2\/pages\/18961\/revisions"}],"wp:attachment":[{"href":"https:\/\/blog.kunstgriff.net\/index.php?rest_route=%2Fwp%2Fv2%2Fmedia&parent=18961"}],"curies":[{"name":"wp","href":"https:\/\/api.w.org\/{rel}","templated":true}]}}