{"id":2,"date":"2009-10-11T11:55:48","date_gmt":"2009-10-11T09:55:48","guid":{"rendered":"http:\/\/blog.kunstgriff.net\/?page_id=2"},"modified":"2018-11-24T09:42:22","modified_gmt":"2018-11-24T08:42:22","slug":"eine-seite","status":"publish","type":"page","link":"https:\/\/blog.kunstgriff.net\/?page_id=2","title":{"rendered":"Spr\u00fcche"},"content":{"rendered":"<span class=\"span-reading-time rt-reading-time\" style=\"display: block;\"><span class=\"rt-label rt-prefix\">Lesezeit: <\/span> <span class=\"rt-time\"> 2<\/span> <span class=\"rt-label rt-postfix\">Minuten<\/span><\/span><p>Gesammelte <del datetime=\"2012-09-05T19:13:57+00:00\">Radrennfahrer<\/del>Spr\u00fcche:<\/p>\n<blockquote><p>Fanatisches Radfahren ist ein sicheres Zeichen f\u00fcrs Altern oder f\u00fcr die<br \/>\nAngst, verloren zu gehen.<\/p><\/blockquote>\n<blockquote><p>Burn fat not oil<\/p><\/blockquote>\n<blockquote><p>as long as I\u2019m going, does it matter where?<\/p><\/blockquote>\n<blockquote><p>Das Leben ist kurz<br \/>\nH\u00f6re auf Dein Herz<br \/>\nVerliere Deine \u00c4ngste<br \/>\nUnd lebe Deinen Traum<\/p><\/blockquote>\n<blockquote><p>You cannot make a real commitment unless you accept \u2028that it&#8217;s a choice you keep making again and again and again.<\/p><\/blockquote>\n<blockquote><p>everything will be okay in the end. If it\u2019s not okay, it\u2019s not the end.<\/p><\/blockquote>\n<blockquote><p>Real athletes ride. Others just play games.<\/p><\/blockquote>\n<blockquote><p>the world is what you think it is<\/p><\/blockquote>\n<blockquote><p>\u00bbLife is like riding a bicycle. To keep your balance, you must keep moving.\u00ab<br \/>\n<a href=\"http:\/\/de.wikipedia.org\/wiki\/Albert_Einstein\" target=\"_blank\" rel=\"noopener\">Albert Einstein<\/a><\/p><\/blockquote>\n<blockquote><p>\u00bbA computer is the most remarkable tool that we&#8217;ve ever come up with. It&#8217;s a bicycle for our minds\u00ab<br \/>\n<a href=\"http:\/\/de.wikipedia.org\/wiki\/Steve_Jobs\" target=\"_blank\" rel=\"noopener\">Steve Jobs<\/a><\/p><\/blockquote>\n<blockquote><p>\u00bbIf you do something and it turns out pretty good, then you should go do something else wonderful, not dwell on it for too long. Just figure out what\u2019s next.\u00ab<br \/>\n<a href=\"http:\/\/de.wikipedia.org\/wiki\/Steve_Jobs\" target=\"_blank\" rel=\"noopener\">Steve Jobs<\/a><\/p><\/blockquote>\n<blockquote><p>\u00bbIf one can stick to training throughout many long years, then willpower is no longer a problem. It&#8217;s raining? That doesn&#8217;t matter. I&#8217;m tired? That&#8217;s beside the point. It&#8217;s simply that I have to.\u00ab<br \/>\n<a href=\"http:\/\/de.wikipedia.org\/wiki\/Emil_Z\u00e1topek\" target=\"_blank\" rel=\"noopener\">Emil Z\u00e1topek<\/a><\/p><\/blockquote>\n<blockquote><p>\u00bbPain is temporary. If I quit, however, it lasts forever\u00ab<br \/>\n<a href=\"http:\/\/de.wikipedia.org\/wiki\/Lance_Armstrong\" target=\"_blank\" rel=\"noopener\">Lance Armstrong<\/a><\/p><\/blockquote>\n<blockquote><p>Fu\u00dfball ist ein Spiel. Radfahren ist ein Sport.<\/p><\/blockquote>\n<blockquote><p>\u00bbHelden sterben nicht im Wohnzimmer\u00ab<\/p><\/blockquote>\n<blockquote><p>Good judgement comes from experience and all that comes from bad judgement<\/p><\/blockquote>\n<blockquote><p>\u00bbTo achieve greatness, start where you are, use what you have, do what you can.\u00ab<br \/>\n<a href=\"http:\/\/de.wikipedia.org\/wiki\/Arthur_Ashe\" target=\"_blank\" rel=\"noopener\">Arthur Ashe<\/a><\/p><\/blockquote>\n<blockquote><p>\u00bbAthletes: Don&#8217;t take the sport you play for granted. Every time you play, you better be thankful that you get to do something you Iove. Don&#8217;t show up to practice complaining about not wanting to be there; you&#8217;re there hopefully because you Iove it. Work hard every moment. lf you&#8217;re not working hard, you don&#8217;t deserve to play.<br \/>\nPlay every practice or game like it&#8217;s your last because it very well could be. When you finally reach the day that you can&#8217;t play, and you can only watch, then you will know how much you Iove something that you once took for granted.\u00ab<\/p>\n<p>Egal wie lange du Single bist, Han ist immer Solo.<\/p>\n<p>Don&#8217;t race unless it&#8217;s a race<br \/>\n\u201cThe most important piece of etiquette when you are out riding in a group is to try to ride side by side and don\u2019t half-wheel your colleagues.<br \/>\nAlso don\u2019t start racing unless you are in a race.<br \/>\nFor most people a group ride is a social experience, not a competition.<br \/>\nSo if you want to smash yourself, ride on your own.<br \/>\nIf you are in a group, be social, respect each other and take care of each other.<br \/>\nKeep the pack mentality and you will enjoy it more.<br \/>\n<a href=\"http:\/\/www.telegraph.co.uk\/men\/active\/recreational-cycling\/11492722\/David-Millar-how-to-be-a-stylish-cyclist.html\" target=\"_blank\" rel=\"noopener\">David Millar<\/a><\/p>\n<p>It is important that you get clear for yourself that your only access to impacting life is action.<br \/>\nThe world does not care what you intend, how committed you are, how you feel, or what you thing, and certainly it has no interest in what you want or what you don\u2019t want.<br \/>\nTake a look at life as it is lived and see for yourself that the world only moves for you when you act.<br \/>\n<a href=\"http:\/\/en.wikipedia.org\/wiki\/Werner_Erhard\" target=\"_blank\" rel=\"noopener\">Werner Erhard<\/a><\/p>\n<p>Nichts ist vergleichbar mit der einfachen Freude, Rad zu fahren.<br \/>\n<a href=\"https:\/\/de.wikipedia.org\/wiki\/John_F._Kennedy\" target=\"_blank\" rel=\"noopener\">John F. Kennedy<\/a><\/p>\n<p>You don&#8217;t build an Empire being nice.<\/p>\n<p>\u00bbFahrr\u00e4der m\u00f6gen sich \u00e4ndern, aber Radfahren ist zeitlos.\u00ab<br \/>\n<small><a href=\"https:\/\/en.wikipedia.org\/wiki\/Zapata_Espinoza\" target=\"_blank\" rel=\"noopener\">Zapata Espinoza<\/a>, US-amerikanischer Journalist, *1960<\/small><\/p>\n<p>Radfahren ist veganes Reiten.<\/p>\n<p>&nbsp;<\/p><\/blockquote>\n","protected":false},"excerpt":{"rendered":"<p>Gesammelte RadrennfahrerSpr\u00fcche: Fanatisches Radfahren ist ein sicheres Zeichen f\u00fcrs Altern oder f\u00fcr die Angst, verloren zu gehen. Burn fat not oil as long as I\u2019m going, does it matter where? Das Leben ist kurz H\u00f6re auf Dein Herz Verliere Deine \u00c4ngste Und lebe Deinen Traum You cannot make a real commitment unless you accept \u2028that &hellip; <\/p>\n<p class=\"link-more\"><a href=\"https:\/\/blog.kunstgriff.net\/?page_id=2\" class=\"more-link\"><span class=\"screen-reader-text\">\u201eSpr\u00fcche\u201c <\/span>weiterlesen<\/a><\/p>\n","protected":false},"author":1,"featured_media":0,"parent":0,"menu_order":9,"comment_status":"open","ping_status":"open","template":"","meta":{"jetpack_post_was_ever_published":false,"footnotes":""},"class_list":["post-2","page","type-page","status-publish","hentry"],"jetpack_shortlink":"https:\/\/wp.me\/P8Cxe7-2","jetpack-related-posts":[{"id":16,"url":"https:\/\/blog.kunstgriff.net\/?page_id=16","url_meta":{"origin":2,"position":0},"title":"Impressum","author":"admin","date":"Oktober 12, 2009","format":false,"excerpt":"Anbieter Georg J. Lutz Parkstra\u00dfe 21 13585 Berlin Mobil: +49-163-588 93 67 info [ett] kunstgriff [punkt] net Verantwortlich f\u00fcr die Artikel-Inhalte sind die zeichnenden Autoren, deren Meinung nicht zwingend meine Meinung ist. Ich \u00fcbernehme keine Verantwortung oder Haftung f\u00fcr die Inhalte externer Websites. Ich setze sowohl den gesunden Menschenverstand als\u2026","rel":"","context":"In &quot;Allgemein&quot;","block_context":{"text":"Allgemein","link":"https:\/\/blog.kunstgriff.net\/?cat=1"},"img":{"alt_text":"","src":"","width":0,"height":0},"classes":[]},{"id":13611,"url":"https:\/\/blog.kunstgriff.net\/?page_id=13611","url_meta":{"origin":2,"position":1},"title":"\u00dcber mich","author":"admin","date":"Juni 17, 2016","format":false,"excerpt":"Vor fast \u00fcber 1.000 Artikeln habe ich diesen Blog im Mai 2009 begonnen, um mich bei meinen sportlichen Aktivit\u00e4ten zu motivieren und meine damit verbundenen Erlebnisse zu dokumentieren. Ein modernes Tage- oder Erlebnis-Buch sozusagen. Aus diesem Schreib-Hobby\u00a0ist eine kleine Obsession geworden. Nach jeder sportlichen Aktivit\u00e4t, war sie auch noch so\u2026","rel":"","context":"Mit 1 Kommentar","block_context":{"text":"Mit 1 Kommentar","link":"https:\/\/blog.kunstgriff.net\/?page_id=13611#comments"},"img":{"alt_text":"","src":"https:\/\/i0.wp.com\/blog.kunstgriff.net\/wp-content\/uploads\/2012\/07\/Geniales-Rennradwetter-und-beeindruckende-Wolkenformation.jpg?fit=1000%2C750&ssl=1&resize=350%2C200","width":350,"height":200,"srcset":"https:\/\/i0.wp.com\/blog.kunstgriff.net\/wp-content\/uploads\/2012\/07\/Geniales-Rennradwetter-und-beeindruckende-Wolkenformation.jpg?fit=1000%2C750&ssl=1&resize=350%2C200 1x, https:\/\/i0.wp.com\/blog.kunstgriff.net\/wp-content\/uploads\/2012\/07\/Geniales-Rennradwetter-und-beeindruckende-Wolkenformation.jpg?fit=1000%2C750&ssl=1&resize=525%2C300 1.5x, https:\/\/i0.wp.com\/blog.kunstgriff.net\/wp-content\/uploads\/2012\/07\/Geniales-Rennradwetter-und-beeindruckende-Wolkenformation.jpg?fit=1000%2C750&ssl=1&resize=700%2C400 2x"},"classes":[]},{"id":18924,"url":"https:\/\/blog.kunstgriff.net\/?page_id=18924","url_meta":{"origin":2,"position":2},"title":"Zwift Course Schedule","author":"admin","date":"November 27, 2018","format":false,"excerpt":"Oft bin war ich am Gr\u00fcbeln, welche Strecke (Course) denn heute bei Zwift angeboten wird. Leider ist das Terrain (bisher) nicht frei w\u00e4hlbar und der geneigte Indoor-Radler muss sich an den Zeitplan (Schedule) der Macher aus Kalifornien halten. Mit einem Trick geht es auch anders. Mein Wunsch war einfach: Die\u2026","rel":"","context":"\u00c4hnlicher Beitrag","block_context":{"text":"\u00c4hnlicher Beitrag","link":""},"img":{"alt_text":"","src":"https:\/\/i0.wp.com\/blog.kunstgriff.net\/wp-content\/uploads\/2018\/11\/Course-Schedule.png?fit=1200%2C278&ssl=1&resize=350%2C200","width":350,"height":200,"srcset":"https:\/\/i0.wp.com\/blog.kunstgriff.net\/wp-content\/uploads\/2018\/11\/Course-Schedule.png?fit=1200%2C278&ssl=1&resize=350%2C200 1x, https:\/\/i0.wp.com\/blog.kunstgriff.net\/wp-content\/uploads\/2018\/11\/Course-Schedule.png?fit=1200%2C278&ssl=1&resize=525%2C300 1.5x, https:\/\/i0.wp.com\/blog.kunstgriff.net\/wp-content\/uploads\/2018\/11\/Course-Schedule.png?fit=1200%2C278&ssl=1&resize=700%2C400 2x, https:\/\/i0.wp.com\/blog.kunstgriff.net\/wp-content\/uploads\/2018\/11\/Course-Schedule.png?fit=1200%2C278&ssl=1&resize=1050%2C600 3x"},"classes":[]},{"id":2688,"url":"https:\/\/blog.kunstgriff.net\/?page_id=2688","url_meta":{"origin":2,"position":3},"title":"VR Rad-Training","author":"admin","date":"November 5, 2010","format":false,"excerpt":"Lange habe ich \u00fcberlegt, wie ich sinnvoll \u00fcber den Winter kommen kann und meine Kondition nicht nur durch Laufeinheiten, McFit und MTB-Touren erhalten bleibt. Bisher hatte ich mich immer dagegen gewehrt, zu Hause Sport zu treiben. Zu Hause ist \u00bbComfort Zone\u00ab\u00a0und soll nicht f\u00fcr Sport genutzt werden. So war bisher\u2026","rel":"","context":"In &quot;Allgemein&quot;","block_context":{"text":"Allgemein","link":"https:\/\/blog.kunstgriff.net\/?cat=1"},"img":{"alt_text":"ergo","src":"https:\/\/i0.wp.com\/www.daum-electronic.de\/images\/prem\/rot\/pr8iSeit600.jpg?resize=350%2C200","width":350,"height":200},"classes":[]},{"id":17121,"url":"https:\/\/blog.kunstgriff.net\/?page_id=17121","url_meta":{"origin":2,"position":4},"title":"Mein Ergometer","author":"admin","date":"Dezember 9, 2017","format":false,"excerpt":"Lange habe ich \u00fcberlegt, wie ich sinnvoll \u00fcber den Winter kommen kann und meine Kondition nicht nur durch Laufeinheiten, McFit und MTB-Touren erhalten bleibt. Bisher hatte ich mich immer dagegen gewehrt, zu Hause Sport zu treiben. Zu Hause ist \u00bbComfort Zone\u00ab\u00a0und soll nicht f\u00fcr Sport genutzt werden. So war bisher\u2026","rel":"","context":"\u00c4hnlicher Beitrag","block_context":{"text":"\u00c4hnlicher Beitrag","link":""},"img":{"alt_text":"ergo","src":"https:\/\/i0.wp.com\/www.daum-electronic.de\/images\/prem\/rot\/pr8iSeit600.jpg?resize=350%2C200","width":350,"height":200},"classes":[]},{"id":47,"url":"https:\/\/blog.kunstgriff.net\/?page_id=47","url_meta":{"origin":2,"position":5},"title":"Garmin","author":"admin","date":"Oktober 13, 2009","format":false,"excerpt":"Ich bin ein gro\u00dfer Fan von Fitness- und Navigationsprodukten der Firma Garmin. Das hat mir im Rennrad-Forum auch schon den Spitznamen \u00bbGarmin-Schorsch\u00ab eingebracht. Ich lade alle meine Aktivit\u00e4ten zum kostenlosen Portal von Garmin hoch. Dieses hei\u00dft GarminConnect und meine Aktivit\u00e4tsdaten kannst Du Dir hier ansehen. Auf dieser Seite habe ich\u2026","rel":"","context":"In &quot;Allgemein&quot;","block_context":{"text":"Allgemein","link":"https:\/\/blog.kunstgriff.net\/?cat=1"},"img":{"alt_text":"","src":"https:\/\/i0.wp.com\/blog.kunstgriff.net\/wp-content\/uploads\/2018\/04\/noch-nicht-weit-gekommen.jpg?fit=1200%2C800&ssl=1&resize=350%2C200","width":350,"height":200,"srcset":"https:\/\/i0.wp.com\/blog.kunstgriff.net\/wp-content\/uploads\/2018\/04\/noch-nicht-weit-gekommen.jpg?fit=1200%2C800&ssl=1&resize=350%2C200 1x, https:\/\/i0.wp.com\/blog.kunstgriff.net\/wp-content\/uploads\/2018\/04\/noch-nicht-weit-gekommen.jpg?fit=1200%2C800&ssl=1&resize=525%2C300 1.5x, https:\/\/i0.wp.com\/blog.kunstgriff.net\/wp-content\/uploads\/2018\/04\/noch-nicht-weit-gekommen.jpg?fit=1200%2C800&ssl=1&resize=700%2C400 2x, https:\/\/i0.wp.com\/blog.kunstgriff.net\/wp-content\/uploads\/2018\/04\/noch-nicht-weit-gekommen.jpg?fit=1200%2C800&ssl=1&resize=1050%2C600 3x"},"classes":[]}],"jetpack_likes_enabled":true,"jetpack_sharing_enabled":true,"_links":{"self":[{"href":"https:\/\/blog.kunstgriff.net\/index.php?rest_route=\/wp\/v2\/pages\/2","targetHints":{"allow":["GET"]}}],"collection":[{"href":"https:\/\/blog.kunstgriff.net\/index.php?rest_route=\/wp\/v2\/pages"}],"about":[{"href":"https:\/\/blog.kunstgriff.net\/index.php?rest_route=\/wp\/v2\/types\/page"}],"author":[{"embeddable":true,"href":"https:\/\/blog.kunstgriff.net\/index.php?rest_route=\/wp\/v2\/users\/1"}],"replies":[{"embeddable":true,"href":"https:\/\/blog.kunstgriff.net\/index.php?rest_route=%2Fwp%2Fv2%2Fcomments&post=2"}],"version-history":[{"count":0,"href":"https:\/\/blog.kunstgriff.net\/index.php?rest_route=\/wp\/v2\/pages\/2\/revisions"}],"wp:attachment":[{"href":"https:\/\/blog.kunstgriff.net\/index.php?rest_route=%2Fwp%2Fv2%2Fmedia&parent=2"}],"curies":[{"name":"wp","href":"https:\/\/api.w.org\/{rel}","templated":true}]}}