{"id":21330,"date":"2020-06-15T19:29:05","date_gmt":"2020-06-15T17:29:05","guid":{"rendered":"https:\/\/blog.kunstgriff.net\/?page_id=21330"},"modified":"2020-06-16T08:12:16","modified_gmt":"2020-06-16T06:12:16","slug":"radler-nahrung","status":"publish","type":"page","link":"https:\/\/blog.kunstgriff.net\/?page_id=21330","title":{"rendered":"Radler-Nahrung"},"content":{"rendered":"<span class=\"span-reading-time rt-reading-time\" style=\"display: block;\"><span class=\"rt-label rt-prefix\">Lesezeit: <\/span> <span class=\"rt-time\"> 3<\/span> <span class=\"rt-label rt-postfix\">Minuten<\/span><\/span><p>\u00d6fters werde ich gefragt, welche Nahrung man denn so als Radsportler w\u00e4hrend des Trainings zu sich nehmen kann und sollte. Vorweg, die folgenden Produkte basieren auf pers\u00f6nlicher, langj\u00e4hriger Erfahrung und sind nicht wissenschaftlich als Leistungssteigernd getestet. Sie bekommen mir einfach gut, und geben mir <strong>schnell verf\u00fcgbare, leicht verdauliche Energie.<\/strong> Und darum geht es hier. Bei Ausfahrten bis zu zwei Stunden muss man eigentlich gar nichts essen. Als trainierter Sportler kann man diese hierf\u00fcr ben\u00f6tige Energie getrost aus den <a href=\"https:\/\/de.wikipedia.org\/wiki\/Glykogenspeicher\" target=\"_blank\" rel=\"noopener noreferrer\">Glykogenspeichern<\/a> bedienen. Bei einem Rennen sieht das nat\u00fcrlich anders aus. Aber kommen wir zum Wesentlichen:<\/p>\n<h2>Meine Lieblingssnacks:<\/h2>\n<p><em><strong><a href=\"https:\/\/i0.wp.com\/blog.kunstgriff.net\/wp-content\/uploads\/2020\/06\/Frischei-Waffeln.jpg?ssl=1\"><img data-recalc-dims=\"1\" loading=\"lazy\" decoding=\"async\" data-attachment-id=\"21334\" data-permalink=\"https:\/\/blog.kunstgriff.net\/?attachment_id=21334\" data-orig-file=\"https:\/\/i0.wp.com\/blog.kunstgriff.net\/wp-content\/uploads\/2020\/06\/Frischei-Waffeln.jpg?fit=200%2C133&amp;ssl=1\" data-orig-size=\"200,133\" data-comments-opened=\"1\" data-image-meta=\"{&quot;aperture&quot;:&quot;0&quot;,&quot;credit&quot;:&quot;&quot;,&quot;camera&quot;:&quot;&quot;,&quot;caption&quot;:&quot;&quot;,&quot;created_timestamp&quot;:&quot;0&quot;,&quot;copyright&quot;:&quot;&quot;,&quot;focal_length&quot;:&quot;0&quot;,&quot;iso&quot;:&quot;0&quot;,&quot;shutter_speed&quot;:&quot;0&quot;,&quot;title&quot;:&quot;&quot;,&quot;orientation&quot;:&quot;0&quot;}\" data-image-title=\"Frischei-Waffeln\" data-image-description=\"\" data-image-caption=\"\" data-large-file=\"https:\/\/i0.wp.com\/blog.kunstgriff.net\/wp-content\/uploads\/2020\/06\/Frischei-Waffeln.jpg?fit=200%2C133&amp;ssl=1\" class=\"alignleft size-full wp-image-21334\" src=\"https:\/\/i0.wp.com\/blog.kunstgriff.net\/wp-content\/uploads\/2020\/06\/Frischei-Waffeln.jpg?resize=200%2C133&#038;ssl=1\" alt=\"\" width=\"200\" height=\"133\" \/><\/a>Frischei-Waffeln:<\/strong><\/em> G\u00fcnstig, hochkalorisch, lecker, gut verdaulich, super mit <strong>Nutella, Marmelade<\/strong> oder <strong>Erdnussbutter<\/strong> zu verfeinern.<\/p>\n<p><strong><em><a href=\"https:\/\/i0.wp.com\/blog.kunstgriff.net\/wp-content\/uploads\/2020\/06\/Milchreis.jpg?ssl=1\"><img data-recalc-dims=\"1\" loading=\"lazy\" decoding=\"async\" data-attachment-id=\"21336\" data-permalink=\"https:\/\/blog.kunstgriff.net\/?attachment_id=21336\" data-orig-file=\"https:\/\/i0.wp.com\/blog.kunstgriff.net\/wp-content\/uploads\/2020\/06\/Milchreis.jpg?fit=200%2C170&amp;ssl=1\" data-orig-size=\"200,170\" data-comments-opened=\"1\" data-image-meta=\"{&quot;aperture&quot;:&quot;0&quot;,&quot;credit&quot;:&quot;&quot;,&quot;camera&quot;:&quot;&quot;,&quot;caption&quot;:&quot;&quot;,&quot;created_timestamp&quot;:&quot;0&quot;,&quot;copyright&quot;:&quot;&quot;,&quot;focal_length&quot;:&quot;0&quot;,&quot;iso&quot;:&quot;0&quot;,&quot;shutter_speed&quot;:&quot;0&quot;,&quot;title&quot;:&quot;&quot;,&quot;orientation&quot;:&quot;0&quot;}\" data-image-title=\"Milchreis\" data-image-description=\"\" data-image-caption=\"\" data-large-file=\"https:\/\/i0.wp.com\/blog.kunstgriff.net\/wp-content\/uploads\/2020\/06\/Milchreis.jpg?fit=200%2C170&amp;ssl=1\" class=\"alignright wp-image-21336\" src=\"https:\/\/i0.wp.com\/blog.kunstgriff.net\/wp-content\/uploads\/2020\/06\/Milchreis.jpg?resize=160%2C136&#038;ssl=1\" alt=\"\" width=\"160\" height=\"136\" \/><\/a>Milchreis:<\/em><\/strong> Diese kleinen Sch\u00e4lchen sind im nu verputzt, liegen nicht im Magen und schmecken mir hervorragend. Der Reis ben\u00f6tigt ein wenig Zeit zum Verstoffwechseln, also l\u00e4nger anhaltende Energie.<\/p>\n<p><strong><em><a href=\"https:\/\/i0.wp.com\/blog.kunstgriff.net\/wp-content\/uploads\/2020\/06\/prinzen-rolle.jpg?ssl=1\"><img data-recalc-dims=\"1\" loading=\"lazy\" decoding=\"async\" data-attachment-id=\"21338\" data-permalink=\"https:\/\/blog.kunstgriff.net\/?attachment_id=21338\" data-orig-file=\"https:\/\/i0.wp.com\/blog.kunstgriff.net\/wp-content\/uploads\/2020\/06\/prinzen-rolle.jpg?fit=200%2C280&amp;ssl=1\" data-orig-size=\"200,280\" data-comments-opened=\"1\" data-image-meta=\"{&quot;aperture&quot;:&quot;0&quot;,&quot;credit&quot;:&quot;&quot;,&quot;camera&quot;:&quot;&quot;,&quot;caption&quot;:&quot;&quot;,&quot;created_timestamp&quot;:&quot;0&quot;,&quot;copyright&quot;:&quot;&quot;,&quot;focal_length&quot;:&quot;0&quot;,&quot;iso&quot;:&quot;0&quot;,&quot;shutter_speed&quot;:&quot;0&quot;,&quot;title&quot;:&quot;&quot;,&quot;orientation&quot;:&quot;0&quot;}\" data-image-title=\"prinzen-rolle\" data-image-description=\"\" data-image-caption=\"\" data-large-file=\"https:\/\/i0.wp.com\/blog.kunstgriff.net\/wp-content\/uploads\/2020\/06\/prinzen-rolle.jpg?fit=200%2C280&amp;ssl=1\" class=\"alignleft wp-image-21338\" src=\"https:\/\/i0.wp.com\/blog.kunstgriff.net\/wp-content\/uploads\/2020\/06\/prinzen-rolle.jpg?resize=100%2C140&#038;ssl=1\" alt=\"\" width=\"100\" height=\"140\" \/><\/a>Kekse:<\/em><\/strong> Besonders beliebt sind die Prinzenrollen. Sicher nicht nur, weil sie gut schmecken, sondern weil sie auch gut in der Hand liegen und nicht so \u00fcbertrieben kr\u00fcmeln. Es wird ja gemunkelt das der Jan U. im Winter seine Abnehmkur gegen den Lance A. aufgrund der Princenrolle verloren h\u00e4tte.<\/p>\n<figure id=\"attachment_21161\" aria-describedby=\"caption-attachment-21161\" style=\"width: 250px\" class=\"wp-caption alignright\"><a href=\"https:\/\/i0.wp.com\/blog.kunstgriff.net\/wp-content\/uploads\/2020\/05\/Kuchen-beim-Konrad.jpg?ssl=1\"><img data-recalc-dims=\"1\" loading=\"lazy\" decoding=\"async\" data-attachment-id=\"21161\" data-permalink=\"https:\/\/blog.kunstgriff.net\/?attachment_id=21161\" data-orig-file=\"https:\/\/i0.wp.com\/blog.kunstgriff.net\/wp-content\/uploads\/2020\/05\/Kuchen-beim-Konrad.jpg?fit=2560%2C1707&amp;ssl=1\" data-orig-size=\"2560,1707\" data-comments-opened=\"1\" data-image-meta=\"{&quot;aperture&quot;:&quot;8&quot;,&quot;credit&quot;:&quot;&quot;,&quot;camera&quot;:&quot;TG-4&quot;,&quot;caption&quot;:&quot;OLYMPUS DIGITAL CAMERA&quot;,&quot;created_timestamp&quot;:&quot;1589718900&quot;,&quot;copyright&quot;:&quot;&quot;,&quot;focal_length&quot;:&quot;4.5&quot;,&quot;iso&quot;:&quot;100&quot;,&quot;shutter_speed&quot;:&quot;0.002&quot;,&quot;title&quot;:&quot;OLYMPUS DIGITAL CAMERA&quot;,&quot;orientation&quot;:&quot;1&quot;}\" data-image-title=\"Kuchen beim Konrad\" data-image-description=\"\" data-image-caption=\"&lt;p&gt;Kuchen beim Konrad&lt;\/p&gt;\n\" data-large-file=\"https:\/\/i0.wp.com\/blog.kunstgriff.net\/wp-content\/uploads\/2020\/05\/Kuchen-beim-Konrad.jpg?fit=2560%2C1707&amp;ssl=1\" class=\"wp-image-21161\" src=\"https:\/\/i0.wp.com\/blog.kunstgriff.net\/wp-content\/uploads\/2020\/05\/Kuchen-beim-Konrad.jpg?resize=250%2C167&#038;ssl=1\" alt=\"Kuchen beim Konrad\" width=\"250\" height=\"167\" srcset=\"https:\/\/i0.wp.com\/blog.kunstgriff.net\/wp-content\/uploads\/2020\/05\/Kuchen-beim-Konrad.jpg?w=2560&amp;ssl=1 2560w, https:\/\/i0.wp.com\/blog.kunstgriff.net\/wp-content\/uploads\/2020\/05\/Kuchen-beim-Konrad.jpg?resize=768%2C512&amp;ssl=1 768w, https:\/\/i0.wp.com\/blog.kunstgriff.net\/wp-content\/uploads\/2020\/05\/Kuchen-beim-Konrad.jpg?resize=1536%2C1024&amp;ssl=1 1536w, https:\/\/i0.wp.com\/blog.kunstgriff.net\/wp-content\/uploads\/2020\/05\/Kuchen-beim-Konrad.jpg?resize=2048%2C1366&amp;ssl=1 2048w, https:\/\/i0.wp.com\/blog.kunstgriff.net\/wp-content\/uploads\/2020\/05\/Kuchen-beim-Konrad.jpg?w=1050&amp;ssl=1 1050w\" sizes=\"auto, (max-width: 250px) 100vw, 250px\" \/><\/a><figcaption id=\"caption-attachment-21161\" class=\"wp-caption-text\">Kuchen beim Konrad<\/figcaption><\/figure>\n<p><strong><em>Kuchen:<\/em><\/strong> der geht immer. Nicht zu cremig, obwohl ich das ja sehr mag. Auch Streusel sind f\u00fcr mich mit Vorsicht zu genie\u00dfen genau wie Mohnkuchen. Aber das ist auch nur meine pers\u00f6nliche Pr\u00e4ferenz. Super Energie-Eiweiss-Lieferant und dazu noch gut verdaulich: K\u00e4sekuchen.<\/p>\n<p><strong>belegte Br\u00f6tchen:<\/strong> gehen auch immer. Wichtig nicht zu viel Butter. Margarine ist \u00fcberhaupt nicht meins. Wenn schon &#8222;Unterbelag&#8220; dann gerne eine Frischk\u00e4se-Creme oder Kr\u00e4uterquark und ne Scheibe K\u00e4se drauf: Perfekt. Dunkle Br\u00f6tchen enthalten mehr Ballaststoffe sagen Leute. \u00a0Fleisch brauch ich ja zum Gl\u00fcck nicht mehr.<\/p>\n<p><em><strong><a href=\"https:\/\/i0.wp.com\/blog.kunstgriff.net\/wp-content\/uploads\/2020\/06\/M%C3%BCsli-Riegel.jpg?ssl=1\"><img data-recalc-dims=\"1\" loading=\"lazy\" decoding=\"async\" data-attachment-id=\"21337\" data-permalink=\"https:\/\/blog.kunstgriff.net\/?attachment_id=21337\" data-orig-file=\"https:\/\/i0.wp.com\/blog.kunstgriff.net\/wp-content\/uploads\/2020\/06\/M%C3%BCsli-Riegel.jpg?fit=200%2C209&amp;ssl=1\" data-orig-size=\"200,209\" data-comments-opened=\"1\" data-image-meta=\"{&quot;aperture&quot;:&quot;0&quot;,&quot;credit&quot;:&quot;&quot;,&quot;camera&quot;:&quot;&quot;,&quot;caption&quot;:&quot;&quot;,&quot;created_timestamp&quot;:&quot;0&quot;,&quot;copyright&quot;:&quot;&quot;,&quot;focal_length&quot;:&quot;0&quot;,&quot;iso&quot;:&quot;0&quot;,&quot;shutter_speed&quot;:&quot;0&quot;,&quot;title&quot;:&quot;&quot;,&quot;orientation&quot;:&quot;0&quot;}\" data-image-title=\"M\u00fcsli Riegel\" data-image-description=\"\" data-image-caption=\"\" data-large-file=\"https:\/\/i0.wp.com\/blog.kunstgriff.net\/wp-content\/uploads\/2020\/06\/M%C3%BCsli-Riegel.jpg?fit=200%2C209&amp;ssl=1\" class=\"alignleft size-full wp-image-21337\" src=\"https:\/\/i0.wp.com\/blog.kunstgriff.net\/wp-content\/uploads\/2020\/06\/M%C3%BCsli-Riegel.jpg?resize=200%2C209&#038;ssl=1\" alt=\"\" width=\"200\" height=\"209\" \/><\/a>M\u00fcsli-Riegel:<\/strong> <\/em>in allen Preisklassen und Variationen ein klasse Snack f\u00fcr den kleinen Hunger w\u00e4hrend der Fahrt. Vorteil: Passt auch in die ganz kleine Trikottasche.<\/p>\n<p><strong><em>Trockenfr\u00fcchte:<\/em><\/strong> Datteln, Pflaumen, \u00c4pfel, Feigen. Alles gut zu transportieren und mit hoher Energiedichte. Nicht jedermanns Geschmacksfavorit.<\/p>\n<p><strong><em>Bananen:<\/em> <\/strong>Der Klassiker. Super Energielieferant, gut dosierbar, mit seiner eigenen Verpackung, die einfach umweltfreundlich zu entsorgen ist. Aber Vorsicht: Nicht zu viel essen<\/p>\n<p><strong><em>Melonen:<\/em><\/strong> Wo wir schon beim Obst sind: Herrlich erfrischend, toller Fl\u00fcssigkeitslieferant und geschmacklich unschlagbar.<\/p>\n<p><strong><em>Coca Cola:<\/em><\/strong> Auf den letzten Kilometern sicher super, f\u00fcr mich zwischendurch gerne Cola Zero, wegen des Koffeins, den Zucker in dem Getr\u00e4nk hole ich mir lieber woanders her.<\/p>\n<p><strong><em><a href=\"https:\/\/i0.wp.com\/blog.kunstgriff.net\/wp-content\/uploads\/2020\/06\/Gurken.jpg?ssl=1\"><img data-recalc-dims=\"1\" loading=\"lazy\" decoding=\"async\" data-attachment-id=\"21335\" data-permalink=\"https:\/\/blog.kunstgriff.net\/?attachment_id=21335\" data-orig-file=\"https:\/\/i0.wp.com\/blog.kunstgriff.net\/wp-content\/uploads\/2020\/06\/Gurken.jpg?fit=200%2C280&amp;ssl=1\" data-orig-size=\"200,280\" data-comments-opened=\"1\" data-image-meta=\"{&quot;aperture&quot;:&quot;0&quot;,&quot;credit&quot;:&quot;&quot;,&quot;camera&quot;:&quot;&quot;,&quot;caption&quot;:&quot;&quot;,&quot;created_timestamp&quot;:&quot;0&quot;,&quot;copyright&quot;:&quot;&quot;,&quot;focal_length&quot;:&quot;0&quot;,&quot;iso&quot;:&quot;0&quot;,&quot;shutter_speed&quot;:&quot;0&quot;,&quot;title&quot;:&quot;&quot;,&quot;orientation&quot;:&quot;0&quot;}\" data-image-title=\"Gurken\" data-image-description=\"\" data-image-caption=\"\" data-large-file=\"https:\/\/i0.wp.com\/blog.kunstgriff.net\/wp-content\/uploads\/2020\/06\/Gurken.jpg?fit=200%2C280&amp;ssl=1\" class=\"alignright wp-image-21335\" src=\"https:\/\/i0.wp.com\/blog.kunstgriff.net\/wp-content\/uploads\/2020\/06\/Gurken.jpg?resize=160%2C224&#038;ssl=1\" alt=\"\" width=\"160\" height=\"224\" \/><\/a>Saure Gurken:<\/em><\/strong> tolle Abwechslung zu dem ganzen s\u00fc\u00dfen Zeug. Auch relativ leicht verdaulich. Tolles Geschmackserlebnis. Energietechnisch nicht der mega-benefit.<\/p>\n<p>Zu guter letzt noch die Exoten, die mir auf manch einer Rad-Veranstaltung gereicht wurden und als gut und bek\u00f6mmlich empfunden wurden: Eierkuchen, K\u00e4sesp\u00e4tzle und R\u00fchreier.<\/p>\n<p><em>Hab ich was vergessen? Was sind Deine Favoriten?<\/em><\/p>\n<p>&nbsp;<\/p>\n<h6>Disclaimer: Die Produktabbildungen sind nicht alle aus meinem pers\u00f6nlichen Fundus. Ich habe darauf geachtet, Produktbilder von den Herstellern zu verwenden, die sich \u00fcber die kostenlose Werbung freuen sollten. Sollte das nicht so sein und ich sollte diese hier nicht verwenden: Schreibt mir und sie werden umgehend ersetzt. Danke.<\/h6>\n","protected":false},"excerpt":{"rendered":"<p>\u00d6fters werde ich gefragt, welche Nahrung man denn so als Radsportler w\u00e4hrend des Trainings zu sich nehmen kann und sollte. Vorweg, die folgenden Produkte basieren auf pers\u00f6nlicher, langj\u00e4hriger Erfahrung und sind nicht wissenschaftlich als Leistungssteigernd getestet. Sie bekommen mir einfach gut, und geben mir schnell verf\u00fcgbare, leicht verdauliche Energie. Und darum geht es hier. Bei &hellip; <\/p>\n<p class=\"link-more\"><a href=\"https:\/\/blog.kunstgriff.net\/?page_id=21330\" class=\"more-link\"><span class=\"screen-reader-text\">\u201eRadler-Nahrung\u201c <\/span>weiterlesen<\/a><\/p>\n","protected":false},"author":1,"featured_media":21333,"parent":18961,"menu_order":4,"comment_status":"closed","ping_status":"closed","template":"","meta":{"jetpack_post_was_ever_published":false,"footnotes":""},"class_list":["post-21330","page","type-page","status-publish","has-post-thumbnail","hentry"],"jetpack_shortlink":"https:\/\/wp.me\/P8Cxe7-5y2","jetpack-related-posts":[{"id":17117,"url":"https:\/\/blog.kunstgriff.net\/?page_id=17117","url_meta":{"origin":21330,"position":0},"title":"Zwift","author":"admin","date":"Dezember 9, 2017","format":false,"excerpt":"Vor mehr als 12 Monaten begannen einige meiner besten Rennrad-Buddies ihre Daum Ergometer auf Zwift umzur\u00fcsten. Diese Umstellung erfordert zus\u00e4tzliche Hardware in Form eines Android-Ger\u00e4ts als HUB beziehungsweise \u00bbMittler\u00ab zwischen Zwift und dem Ergometer und ein St\u00fcck kostenpflichtiger Software. F\u00fcr mich war dieser Umstand damals das Ausschlusskriterium. F\u00fcr Googles Android\u2026","rel":"","context":"\u00c4hnlicher Beitrag","block_context":{"text":"\u00c4hnlicher Beitrag","link":""},"img":{"alt_text":"","src":"https:\/\/i0.wp.com\/blog.kunstgriff.net\/wp-content\/uploads\/2017\/12\/ganz-sch%C3%B6n-viel-Schnee.jpg?fit=1200%2C729&ssl=1&resize=350%2C200","width":350,"height":200,"srcset":"https:\/\/i0.wp.com\/blog.kunstgriff.net\/wp-content\/uploads\/2017\/12\/ganz-sch%C3%B6n-viel-Schnee.jpg?fit=1200%2C729&ssl=1&resize=350%2C200 1x, https:\/\/i0.wp.com\/blog.kunstgriff.net\/wp-content\/uploads\/2017\/12\/ganz-sch%C3%B6n-viel-Schnee.jpg?fit=1200%2C729&ssl=1&resize=525%2C300 1.5x, https:\/\/i0.wp.com\/blog.kunstgriff.net\/wp-content\/uploads\/2017\/12\/ganz-sch%C3%B6n-viel-Schnee.jpg?fit=1200%2C729&ssl=1&resize=700%2C400 2x, https:\/\/i0.wp.com\/blog.kunstgriff.net\/wp-content\/uploads\/2017\/12\/ganz-sch%C3%B6n-viel-Schnee.jpg?fit=1200%2C729&ssl=1&resize=1050%2C600 3x"},"classes":[]},{"id":47,"url":"https:\/\/blog.kunstgriff.net\/?page_id=47","url_meta":{"origin":21330,"position":1},"title":"Garmin","author":"admin","date":"Oktober 13, 2009","format":false,"excerpt":"Ich bin ein gro\u00dfer Fan von Fitness- und Navigationsprodukten der Firma Garmin. Das hat mir im Rennrad-Forum auch schon den Spitznamen \u00bbGarmin-Schorsch\u00ab eingebracht. Ich lade alle meine Aktivit\u00e4ten zum kostenlosen Portal von Garmin hoch. Dieses hei\u00dft GarminConnect und meine Aktivit\u00e4tsdaten kannst Du Dir hier ansehen. Auf dieser Seite habe ich\u2026","rel":"","context":"In &quot;Allgemein&quot;","block_context":{"text":"Allgemein","link":"https:\/\/blog.kunstgriff.net\/?cat=1"},"img":{"alt_text":"","src":"https:\/\/i0.wp.com\/blog.kunstgriff.net\/wp-content\/uploads\/2018\/04\/noch-nicht-weit-gekommen.jpg?fit=1200%2C800&ssl=1&resize=350%2C200","width":350,"height":200,"srcset":"https:\/\/i0.wp.com\/blog.kunstgriff.net\/wp-content\/uploads\/2018\/04\/noch-nicht-weit-gekommen.jpg?fit=1200%2C800&ssl=1&resize=350%2C200 1x, https:\/\/i0.wp.com\/blog.kunstgriff.net\/wp-content\/uploads\/2018\/04\/noch-nicht-weit-gekommen.jpg?fit=1200%2C800&ssl=1&resize=525%2C300 1.5x, https:\/\/i0.wp.com\/blog.kunstgriff.net\/wp-content\/uploads\/2018\/04\/noch-nicht-weit-gekommen.jpg?fit=1200%2C800&ssl=1&resize=700%2C400 2x, https:\/\/i0.wp.com\/blog.kunstgriff.net\/wp-content\/uploads\/2018\/04\/noch-nicht-weit-gekommen.jpg?fit=1200%2C800&ssl=1&resize=1050%2C600 3x"},"classes":[]},{"id":13611,"url":"https:\/\/blog.kunstgriff.net\/?page_id=13611","url_meta":{"origin":21330,"position":2},"title":"\u00dcber mich","author":"admin","date":"Juni 17, 2016","format":false,"excerpt":"Vor fast \u00fcber 1.000 Artikeln habe ich diesen Blog im Mai 2009 begonnen, um mich bei meinen sportlichen Aktivit\u00e4ten zu motivieren und meine damit verbundenen Erlebnisse zu dokumentieren. Ein modernes Tage- oder Erlebnis-Buch sozusagen. Aus diesem Schreib-Hobby\u00a0ist eine kleine Obsession geworden. Nach jeder sportlichen Aktivit\u00e4t, war sie auch noch so\u2026","rel":"","context":"Mit 1 Kommentar","block_context":{"text":"Mit 1 Kommentar","link":"https:\/\/blog.kunstgriff.net\/?page_id=13611#comments"},"img":{"alt_text":"","src":"https:\/\/i0.wp.com\/blog.kunstgriff.net\/wp-content\/uploads\/2012\/07\/Geniales-Rennradwetter-und-beeindruckende-Wolkenformation.jpg?fit=1000%2C750&ssl=1&resize=350%2C200","width":350,"height":200,"srcset":"https:\/\/i0.wp.com\/blog.kunstgriff.net\/wp-content\/uploads\/2012\/07\/Geniales-Rennradwetter-und-beeindruckende-Wolkenformation.jpg?fit=1000%2C750&ssl=1&resize=350%2C200 1x, https:\/\/i0.wp.com\/blog.kunstgriff.net\/wp-content\/uploads\/2012\/07\/Geniales-Rennradwetter-und-beeindruckende-Wolkenformation.jpg?fit=1000%2C750&ssl=1&resize=525%2C300 1.5x, https:\/\/i0.wp.com\/blog.kunstgriff.net\/wp-content\/uploads\/2012\/07\/Geniales-Rennradwetter-und-beeindruckende-Wolkenformation.jpg?fit=1000%2C750&ssl=1&resize=700%2C400 2x"},"classes":[]},{"id":18967,"url":"https:\/\/blog.kunstgriff.net\/?page_id=18967","url_meta":{"origin":21330,"position":3},"title":"Fidlock Flaschen\u2011System","author":"admin","date":"Januar 15, 2019","format":false,"excerpt":"Immer wieder mal bin ich an diesen Trinkflaschen vorbei geschrammt. Das letzte mal auf der Berliner Fahrrad-Schau, als auf deren Stand eindrucksvoll demonstriert wurde, wie gut und zielsicher, der Magnetverschluss funktioniert. Richtig \u00bbsold\u00ab war ich noch nicht, denn keiner meiner Radsport-Kumpanen nutzte dieses Trinksystem an seinem Renner. \u00df-Tester wollte ich\u2026","rel":"","context":"\u00c4hnlicher Beitrag","block_context":{"text":"\u00c4hnlicher Beitrag","link":""},"img":{"alt_text":"","src":"https:\/\/i0.wp.com\/blog.kunstgriff.net\/wp-content\/uploads\/2019\/01\/Rahmen-mit-Fidlock-Flaschen.jpg?resize=350%2C200&ssl=1","width":350,"height":200,"srcset":"https:\/\/i0.wp.com\/blog.kunstgriff.net\/wp-content\/uploads\/2019\/01\/Rahmen-mit-Fidlock-Flaschen.jpg?resize=350%2C200&ssl=1 1x, https:\/\/i0.wp.com\/blog.kunstgriff.net\/wp-content\/uploads\/2019\/01\/Rahmen-mit-Fidlock-Flaschen.jpg?resize=525%2C300&ssl=1 1.5x, https:\/\/i0.wp.com\/blog.kunstgriff.net\/wp-content\/uploads\/2019\/01\/Rahmen-mit-Fidlock-Flaschen.jpg?resize=700%2C400&ssl=1 2x, https:\/\/i0.wp.com\/blog.kunstgriff.net\/wp-content\/uploads\/2019\/01\/Rahmen-mit-Fidlock-Flaschen.jpg?resize=1050%2C600&ssl=1 3x, https:\/\/i0.wp.com\/blog.kunstgriff.net\/wp-content\/uploads\/2019\/01\/Rahmen-mit-Fidlock-Flaschen.jpg?resize=1400%2C800&ssl=1 4x"},"classes":[]},{"id":15669,"url":"https:\/\/blog.kunstgriff.net\/?page_id=15669","url_meta":{"origin":21330,"position":4},"title":"Fresspuls &#8211; Ein Erkl\u00e4rungsversuch","author":"admin","date":"Mai 28, 2017","format":false,"excerpt":"Erkl\u00e4rung des Begriffs Fress-Puls","rel":"","context":"\u00c4hnlicher Beitrag","block_context":{"text":"\u00c4hnlicher Beitrag","link":""},"img":{"alt_text":"","src":"https:\/\/i0.wp.com\/blog.kunstgriff.net\/wp-content\/uploads\/2017\/05\/Riesen-Kuchenauswahl-beim-Backwahn-in-P%C3%A4wesin.jpg?fit=1200%2C800&ssl=1&resize=350%2C200","width":350,"height":200,"srcset":"https:\/\/i0.wp.com\/blog.kunstgriff.net\/wp-content\/uploads\/2017\/05\/Riesen-Kuchenauswahl-beim-Backwahn-in-P%C3%A4wesin.jpg?fit=1200%2C800&ssl=1&resize=350%2C200 1x, https:\/\/i0.wp.com\/blog.kunstgriff.net\/wp-content\/uploads\/2017\/05\/Riesen-Kuchenauswahl-beim-Backwahn-in-P%C3%A4wesin.jpg?fit=1200%2C800&ssl=1&resize=525%2C300 1.5x, https:\/\/i0.wp.com\/blog.kunstgriff.net\/wp-content\/uploads\/2017\/05\/Riesen-Kuchenauswahl-beim-Backwahn-in-P%C3%A4wesin.jpg?fit=1200%2C800&ssl=1&resize=700%2C400 2x, https:\/\/i0.wp.com\/blog.kunstgriff.net\/wp-content\/uploads\/2017\/05\/Riesen-Kuchenauswahl-beim-Backwahn-in-P%C3%A4wesin.jpg?fit=1200%2C800&ssl=1&resize=1050%2C600 3x"},"classes":[]},{"id":2688,"url":"https:\/\/blog.kunstgriff.net\/?page_id=2688","url_meta":{"origin":21330,"position":5},"title":"VR Rad-Training","author":"admin","date":"November 5, 2010","format":false,"excerpt":"Lange habe ich \u00fcberlegt, wie ich sinnvoll \u00fcber den Winter kommen kann und meine Kondition nicht nur durch Laufeinheiten, McFit und MTB-Touren erhalten bleibt. Bisher hatte ich mich immer dagegen gewehrt, zu Hause Sport zu treiben. Zu Hause ist \u00bbComfort Zone\u00ab\u00a0und soll nicht f\u00fcr Sport genutzt werden. So war bisher\u2026","rel":"","context":"In &quot;Allgemein&quot;","block_context":{"text":"Allgemein","link":"https:\/\/blog.kunstgriff.net\/?cat=1"},"img":{"alt_text":"ergo","src":"https:\/\/i0.wp.com\/www.daum-electronic.de\/images\/prem\/rot\/pr8iSeit600.jpg?resize=350%2C200","width":350,"height":200},"classes":[]}],"jetpack_likes_enabled":true,"jetpack_sharing_enabled":true,"_links":{"self":[{"href":"https:\/\/blog.kunstgriff.net\/index.php?rest_route=\/wp\/v2\/pages\/21330","targetHints":{"allow":["GET"]}}],"collection":[{"href":"https:\/\/blog.kunstgriff.net\/index.php?rest_route=\/wp\/v2\/pages"}],"about":[{"href":"https:\/\/blog.kunstgriff.net\/index.php?rest_route=\/wp\/v2\/types\/page"}],"author":[{"embeddable":true,"href":"https:\/\/blog.kunstgriff.net\/index.php?rest_route=\/wp\/v2\/users\/1"}],"replies":[{"embeddable":true,"href":"https:\/\/blog.kunstgriff.net\/index.php?rest_route=%2Fwp%2Fv2%2Fcomments&post=21330"}],"version-history":[{"count":15,"href":"https:\/\/blog.kunstgriff.net\/index.php?rest_route=\/wp\/v2\/pages\/21330\/revisions"}],"predecessor-version":[{"id":21353,"href":"https:\/\/blog.kunstgriff.net\/index.php?rest_route=\/wp\/v2\/pages\/21330\/revisions\/21353"}],"up":[{"embeddable":true,"href":"https:\/\/blog.kunstgriff.net\/index.php?rest_route=\/wp\/v2\/pages\/18961"}],"wp:featuredmedia":[{"embeddable":true,"href":"https:\/\/blog.kunstgriff.net\/index.php?rest_route=\/wp\/v2\/media\/21333"}],"wp:attachment":[{"href":"https:\/\/blog.kunstgriff.net\/index.php?rest_route=%2Fwp%2Fv2%2Fmedia&parent=21330"}],"curies":[{"name":"wp","href":"https:\/\/api.w.org\/{rel}","templated":true}]}}