{"id":220,"date":"2009-10-30T08:42:37","date_gmt":"2009-10-30T07:42:37","guid":{"rendered":"http:\/\/blog.kunstgriff.net\/?page_id=220"},"modified":"2016-10-04T11:56:04","modified_gmt":"2016-10-04T09:56:04","slug":"%c2%bbtodo%c2%ab-in-2010","status":"publish","type":"page","link":"https:\/\/blog.kunstgriff.net\/?page_id=220","title":{"rendered":"\u00bbTo-Do\u00ab"},"content":{"rendered":"<span class=\"span-reading-time rt-reading-time\" style=\"display: block;\"><span class=\"rt-label rt-prefix\">Lesezeit: <\/span> <span class=\"rt-time\"> &lt; 1<\/span> <span class=\"rt-label rt-postfix\">Minute<\/span><\/span>","protected":false},"excerpt":{"rendered":"","protected":false},"author":1,"featured_media":0,"parent":0,"menu_order":3,"comment_status":"open","ping_status":"open","template":"","meta":{"jetpack_post_was_ever_published":false,"footnotes":""},"class_list":["post-220","page","type-page","status-publish","hentry"],"jetpack_shortlink":"https:\/\/wp.me\/P8Cxe7-3y","jetpack-related-posts":[{"id":5781,"url":"https:\/\/blog.kunstgriff.net\/?page_id=5781","url_meta":{"origin":220,"position":0},"title":"\u00bbDone\u00ab in 2012","author":"Georg","date":"Januar 1, 2012","format":false,"excerpt":"Datum Veranstalter Mein 09. \u2013 18. M\u00e4rz Trainingscamp Mallorca \u221a Artikel-Link 14. April Oranienburg -> Warnem\u00fcnde \u221a Artikel-Link 28. April RTF \u00bbzur Schorfheide\u00ab Nr. 2082 \u221a Artikel-Link 29. April RTF \u00bbNordexpress\u00ab - Nr. 2093 (151 km) \u221a Artikel-Link 12. Mai Oranienburg -> \u00dcckeritz auf Usedom (215 km) \u221a Artikel-Link 16.\u2026","rel":"","context":"In &quot;Allgemein&quot;","block_context":{"text":"Allgemein","link":"https:\/\/blog.kunstgriff.net\/?cat=1"},"img":{"alt_text":"","src":"","width":0,"height":0},"classes":[]},{"id":25,"url":"https:\/\/blog.kunstgriff.net\/?page_id=25","url_meta":{"origin":220,"position":1},"title":"FunPics","author":"admin","date":"Oktober 12, 2009","format":false,"excerpt":"Die Bilder sind aus unterschiedlichsten Quellen aus dem Internet von mir und Freunden zusammen getragen worden. Ich versuche alles, was mit\u00a0Fahrr\u00e4dern\u00a0und\u00a0Spass\u00a0zu tun hat, zu sammeln und hier zu ver\u00f6ffentlichen. Sollte hier ein Bild dabei sein, welches die Rechte Dritter verletzt oder zu dem es ein fremdes Copyright gibt, m\u00f6chte ich\u2026","rel":"","context":"In &quot;Allgemein&quot;","block_context":{"text":"Allgemein","link":"https:\/\/blog.kunstgriff.net\/?cat=1"},"img":{"alt_text":"","src":"https:\/\/i0.wp.com\/blog.kunstgriff.net\/wp-content\/uploads\/2009\/10\/34.jpg?resize=350%2C200","width":350,"height":200,"srcset":"https:\/\/i0.wp.com\/blog.kunstgriff.net\/wp-content\/uploads\/2009\/10\/34.jpg?resize=350%2C200 1x, https:\/\/i0.wp.com\/blog.kunstgriff.net\/wp-content\/uploads\/2009\/10\/34.jpg?resize=525%2C300 1.5x"},"classes":[]},{"id":1051,"url":"https:\/\/blog.kunstgriff.net\/?page_id=1051","url_meta":{"origin":220,"position":2},"title":"MyBike &#038; Me","author":"admin","date":"M\u00e4rz 16, 2010","format":false,"excerpt":"Tour durchs L\u00f6wenberger Land 2008 mit den Havelland Riders Hinter Wittenberge Hamburg->Berlin 2007 Prenzlau H\u00fcgel Marathon 2008 Fahrt zum Cap Formentor - Mallorca im M\u00e4rz 2009 Die letzten Meter hoch nach San Salvador - Mallorca 2009 Anstieg nach Kloster Luc - Mallorca im M\u00e4rz 2009 \u00a0 Mein Rennrad bis 2014.\u2026","rel":"","context":"In &quot;Allgemein&quot;","block_context":{"text":"Allgemein","link":"https:\/\/blog.kunstgriff.net\/?cat=1"},"img":{"alt_text":"","src":"https:\/\/i0.wp.com\/blog.kunstgriff.net\/wp-content\/uploads\/2010\/03\/DSC00702.jpg?resize=350%2C200","width":350,"height":200,"srcset":"https:\/\/i0.wp.com\/blog.kunstgriff.net\/wp-content\/uploads\/2010\/03\/DSC00702.jpg?resize=350%2C200 1x, https:\/\/i0.wp.com\/blog.kunstgriff.net\/wp-content\/uploads\/2010\/03\/DSC00702.jpg?resize=525%2C300 1.5x"},"classes":[]},{"id":2773,"url":"https:\/\/blog.kunstgriff.net\/?page_id=2773","url_meta":{"origin":220,"position":3},"title":"\u00bbDone\u00ab in 2010","author":"admin","date":"November 8, 2010","format":false,"excerpt":"05.03.2010 \u201314.03.2010 Trainingslager Mallorca \u221a 17.04.2010 Spreewaldmarathon (200 km) \u221a 24.04.2010 Berlin -> Usedom \u221a 09.05.2010 4. Ost-Harz-RTF X (leider keine Mitfahrgelegenheit gehabt) 12.05.2010 \u2013 16.05.2010 Int. Jedermann-3-L\u00e4ndertour durch Sachsen\u2013B\u00f6hmen\u2013Polen \u221a 22.05.2010 \u2013 23.05.2010 Rh\u00f6n-Radmarathon \u221a 30.05.2010 Skoda Velothon \u221a 05.06.2010 \u2013 09.06.2010 Breisgau Tour 2010 \u221a 20.06.2010 17. RG\u2026","rel":"","context":"In &quot;Allgemein&quot;","block_context":{"text":"Allgemein","link":"https:\/\/blog.kunstgriff.net\/?cat=1"},"img":{"alt_text":"","src":"","width":0,"height":0},"classes":[]},{"id":2,"url":"https:\/\/blog.kunstgriff.net\/?page_id=2","url_meta":{"origin":220,"position":4},"title":"Spr\u00fcche","author":"admin","date":"Oktober 11, 2009","format":false,"excerpt":"Gesammelte RadrennfahrerSpr\u00fcche: Fanatisches Radfahren ist ein sicheres Zeichen f\u00fcrs Altern oder f\u00fcr die Angst, verloren zu gehen. Burn fat not oil as long as I\u2019m going, does it matter where? Das Leben ist kurz H\u00f6re auf Dein Herz Verliere Deine \u00c4ngste Und lebe Deinen Traum You cannot make a real\u2026","rel":"","context":"In &quot;Allgemein&quot;","block_context":{"text":"Allgemein","link":"https:\/\/blog.kunstgriff.net\/?cat=1"},"img":{"alt_text":"","src":"","width":0,"height":0},"classes":[]},{"id":2766,"url":"https:\/\/blog.kunstgriff.net\/?page_id=2766","url_meta":{"origin":220,"position":5},"title":"\u00bbDone\u00ab in 2011","author":"admin","date":"November 8, 2010","format":false,"excerpt":"10.03.2011 \u2013 18.03.2011 Cape Argus Pick 'n Pay 2011\u221a (Artikel-Link) 03.04.2011 \u2013 17.04.2011 Trainingscamp Mallorca\u221a (Artikel-Link) 01.06.2011 \u2013 05.06.2011 Jedermann \u2013 \u201eFriedensfahrt\u201c 2011\u221a (Artikel-Link) 17.06.2011 - 18.06.2011 V\u00e4tternrundan 300 km\u221a (Artikel-Link) 23.06.2011 Team-Zeitfahren vom Eisenschweinkader\u221a (Artikel-Link) 25.06.2011 - 27.06.2011 FichKona\u221a (Artikel-Link) 02.07.2011 - 10.07.2011 quaeldich.de-Deutschland-Rundfahrt 2011\u221a (Artikel-Link) 31.07.2011 27. Arber-Radmarathon\u221a\u2026","rel":"","context":"In &quot;Allgemein&quot;","block_context":{"text":"Allgemein","link":"https:\/\/blog.kunstgriff.net\/?cat=1"},"img":{"alt_text":"","src":"","width":0,"height":0},"classes":[]}],"jetpack_likes_enabled":true,"jetpack_sharing_enabled":true,"_links":{"self":[{"href":"https:\/\/blog.kunstgriff.net\/index.php?rest_route=\/wp\/v2\/pages\/220","targetHints":{"allow":["GET"]}}],"collection":[{"href":"https:\/\/blog.kunstgriff.net\/index.php?rest_route=\/wp\/v2\/pages"}],"about":[{"href":"https:\/\/blog.kunstgriff.net\/index.php?rest_route=\/wp\/v2\/types\/page"}],"author":[{"embeddable":true,"href":"https:\/\/blog.kunstgriff.net\/index.php?rest_route=\/wp\/v2\/users\/1"}],"replies":[{"embeddable":true,"href":"https:\/\/blog.kunstgriff.net\/index.php?rest_route=%2Fwp%2Fv2%2Fcomments&post=220"}],"version-history":[{"count":0,"href":"https:\/\/blog.kunstgriff.net\/index.php?rest_route=\/wp\/v2\/pages\/220\/revisions"}],"wp:attachment":[{"href":"https:\/\/blog.kunstgriff.net\/index.php?rest_route=%2Fwp%2Fv2%2Fmedia&parent=220"}],"curies":[{"name":"wp","href":"https:\/\/api.w.org\/{rel}","templated":true}]}}