{"id":9310,"date":"2012-12-30T22:12:18","date_gmt":"2012-12-30T21:12:18","guid":{"rendered":"http:\/\/blog.kunstgriff.net\/?page_id=9310"},"modified":"2014-01-02T09:15:58","modified_gmt":"2014-01-02T08:15:58","slug":"to-do-in-2013","status":"publish","type":"page","link":"https:\/\/blog.kunstgriff.net\/?page_id=9310","title":{"rendered":"\u00bbDone\u00ab in 2013"},"content":{"rendered":"<span class=\"span-reading-time rt-reading-time\" style=\"display: block;\"><span class=\"rt-label rt-prefix\">Lesezeit: <\/span> <span class=\"rt-time\"> &lt; 1<\/span> <span class=\"rt-label rt-postfix\">Minute<\/span><\/span><table>\n<tbody>\n<tr>\n<th>Datum<\/th>\n<th>Veranstalter<\/th>\n<th>Mein<\/th>\n<\/tr>\n<tr>\n<td>7. &#8211; 12. Mai<\/td>\n<td><a href=\"http:\/\/www.itf-radreisen.de\/\" target=\"_blank\">12. Jedermann-Friedensfahrt 2013<\/a><\/td>\n<td><\/td>\n<\/tr>\n<tr>\n<td>9. Juni<\/td>\n<td><del><a href=\"http:\/\/www.garmin-velothon-berlin.de\" target=\"_blank\">Garmin Velothon Berlin 2013<\/a><\/del><\/td>\n<td><a href=\"http:\/\/blog.kunstgriff.net\/?p=8140\" target=\"_blank\">\u00a0<\/a><\/td>\n<\/tr>\n<tr>\n<td>16. Juni<\/td>\n<td><a href=\"http:\/\/www.maratona.it\/home.php\" target=\"_blank\">Marathona dles Dolomites<\/a><\/td>\n<td><a href=\"http:\/\/blog.kunstgriff.net\/?p=8229\" target=\"_blank\">\u00a0<\/a><\/td>\n<\/tr>\n<tr>\n<td>12. Oktober<\/td>\n<td><del><a href=\"http:\/\/www.audaxclub-sh.de\/node\/501\" target=\"_blank\">Hamburg -&gt; Berlin 2013<\/a><\/del><\/td>\n<td><a href=\"http:\/\/blog.kunstgriff.net\/?p=8229\" target=\"_blank\">\u00a0<\/a><\/td>\n<\/tr>\n<\/tbody>\n<\/table>\n","protected":false},"excerpt":{"rendered":"<p>Datum Veranstalter Mein 7. &#8211; 12. Mai 12. Jedermann-Friedensfahrt 2013 9. Juni Garmin Velothon Berlin 2013 \u00a0 16. Juni Marathona dles Dolomites \u00a0 12. Oktober Hamburg -&gt; Berlin 2013 \u00a0<\/p>\n","protected":false},"author":1,"featured_media":0,"parent":220,"menu_order":17,"comment_status":"open","ping_status":"open","template":"","meta":{"jetpack_post_was_ever_published":false,"footnotes":""},"class_list":["post-9310","page","type-page","status-publish","hentry"],"jetpack_shortlink":"https:\/\/wp.me\/P8Cxe7-2qa","jetpack-related-posts":[{"id":5781,"url":"https:\/\/blog.kunstgriff.net\/?page_id=5781","url_meta":{"origin":9310,"position":0},"title":"\u00bbDone\u00ab in 2012","author":"Georg","date":"Januar 1, 2012","format":false,"excerpt":"Datum Veranstalter Mein 09. \u2013 18. M\u00e4rz Trainingscamp Mallorca \u221a Artikel-Link 14. April Oranienburg -> Warnem\u00fcnde \u221a Artikel-Link 28. April RTF \u00bbzur Schorfheide\u00ab Nr. 2082 \u221a Artikel-Link 29. April RTF \u00bbNordexpress\u00ab - Nr. 2093 (151 km) \u221a Artikel-Link 12. Mai Oranienburg -> \u00dcckeritz auf Usedom (215 km) \u221a Artikel-Link 16.\u2026","rel":"","context":"In &quot;Allgemein&quot;","block_context":{"text":"Allgemein","link":"https:\/\/blog.kunstgriff.net\/?cat=1"},"img":{"alt_text":"","src":"","width":0,"height":0},"classes":[]},{"id":11230,"url":"https:\/\/blog.kunstgriff.net\/?page_id=11230","url_meta":{"origin":9310,"position":1},"title":"\u00bbTo-Do\u00ab in 2014","author":"admin","date":"Dezember 31, 2013","format":false,"excerpt":"DATUM VERANSTALTER MEIN Februar Paris-Brest-Paris auf meinem Ergometer 30. M\u00e4rz 34. Vattenfall Halbmarathon 31. M\u00e4rz - 11. April Trainingscamp Port de Pollenca Mallorca \u00a0 26. April Spreewald Marathon 200 km \u00a0 27. Mai - 1. Juni 13. Jedermann-Friedensfahrt 2014 \u00a0 23. - 27. Juni Club der Verr\u00fcckten - Mt. Ventoux\u2026","rel":"","context":"\u00c4hnlicher Beitrag","block_context":{"text":"\u00c4hnlicher Beitrag","link":""},"img":{"alt_text":"","src":"","width":0,"height":0},"classes":[]},{"id":2773,"url":"https:\/\/blog.kunstgriff.net\/?page_id=2773","url_meta":{"origin":9310,"position":2},"title":"\u00bbDone\u00ab in 2010","author":"admin","date":"November 8, 2010","format":false,"excerpt":"05.03.2010 \u201314.03.2010 Trainingslager Mallorca \u221a 17.04.2010 Spreewaldmarathon (200 km) \u221a 24.04.2010 Berlin -> Usedom \u221a 09.05.2010 4. Ost-Harz-RTF X (leider keine Mitfahrgelegenheit gehabt) 12.05.2010 \u2013 16.05.2010 Int. Jedermann-3-L\u00e4ndertour durch Sachsen\u2013B\u00f6hmen\u2013Polen \u221a 22.05.2010 \u2013 23.05.2010 Rh\u00f6n-Radmarathon \u221a 30.05.2010 Skoda Velothon \u221a 05.06.2010 \u2013 09.06.2010 Breisgau Tour 2010 \u221a 20.06.2010 17. RG\u2026","rel":"","context":"In &quot;Allgemein&quot;","block_context":{"text":"Allgemein","link":"https:\/\/blog.kunstgriff.net\/?cat=1"},"img":{"alt_text":"","src":"","width":0,"height":0},"classes":[]},{"id":1051,"url":"https:\/\/blog.kunstgriff.net\/?page_id=1051","url_meta":{"origin":9310,"position":3},"title":"MyBike &#038; Me","author":"admin","date":"M\u00e4rz 16, 2010","format":false,"excerpt":"Tour durchs L\u00f6wenberger Land 2008 mit den Havelland Riders Hinter Wittenberge Hamburg->Berlin 2007 Prenzlau H\u00fcgel Marathon 2008 Fahrt zum Cap Formentor - Mallorca im M\u00e4rz 2009 Die letzten Meter hoch nach San Salvador - Mallorca 2009 Anstieg nach Kloster Luc - Mallorca im M\u00e4rz 2009 \u00a0 Mein Rennrad bis 2014.\u2026","rel":"","context":"In &quot;Allgemein&quot;","block_context":{"text":"Allgemein","link":"https:\/\/blog.kunstgriff.net\/?cat=1"},"img":{"alt_text":"","src":"https:\/\/i0.wp.com\/blog.kunstgriff.net\/wp-content\/uploads\/2010\/03\/DSC00702.jpg?resize=350%2C200","width":350,"height":200,"srcset":"https:\/\/i0.wp.com\/blog.kunstgriff.net\/wp-content\/uploads\/2010\/03\/DSC00702.jpg?resize=350%2C200 1x, https:\/\/i0.wp.com\/blog.kunstgriff.net\/wp-content\/uploads\/2010\/03\/DSC00702.jpg?resize=525%2C300 1.5x"},"classes":[]},{"id":2766,"url":"https:\/\/blog.kunstgriff.net\/?page_id=2766","url_meta":{"origin":9310,"position":4},"title":"\u00bbDone\u00ab in 2011","author":"admin","date":"November 8, 2010","format":false,"excerpt":"10.03.2011 \u2013 18.03.2011 Cape Argus Pick 'n Pay 2011\u221a (Artikel-Link) 03.04.2011 \u2013 17.04.2011 Trainingscamp Mallorca\u221a (Artikel-Link) 01.06.2011 \u2013 05.06.2011 Jedermann \u2013 \u201eFriedensfahrt\u201c 2011\u221a (Artikel-Link) 17.06.2011 - 18.06.2011 V\u00e4tternrundan 300 km\u221a (Artikel-Link) 23.06.2011 Team-Zeitfahren vom Eisenschweinkader\u221a (Artikel-Link) 25.06.2011 - 27.06.2011 FichKona\u221a (Artikel-Link) 02.07.2011 - 10.07.2011 quaeldich.de-Deutschland-Rundfahrt 2011\u221a (Artikel-Link) 31.07.2011 27. Arber-Radmarathon\u221a\u2026","rel":"","context":"In &quot;Allgemein&quot;","block_context":{"text":"Allgemein","link":"https:\/\/blog.kunstgriff.net\/?cat=1"},"img":{"alt_text":"","src":"","width":0,"height":0},"classes":[]},{"id":47,"url":"https:\/\/blog.kunstgriff.net\/?page_id=47","url_meta":{"origin":9310,"position":5},"title":"Garmin","author":"admin","date":"Oktober 13, 2009","format":false,"excerpt":"Ich bin ein gro\u00dfer Fan von Fitness- und Navigationsprodukten der Firma Garmin. Das hat mir im Rennrad-Forum auch schon den Spitznamen \u00bbGarmin-Schorsch\u00ab eingebracht. Ich lade alle meine Aktivit\u00e4ten zum kostenlosen Portal von Garmin hoch. Dieses hei\u00dft GarminConnect und meine Aktivit\u00e4tsdaten kannst Du Dir hier ansehen. Auf dieser Seite habe ich\u2026","rel":"","context":"In &quot;Allgemein&quot;","block_context":{"text":"Allgemein","link":"https:\/\/blog.kunstgriff.net\/?cat=1"},"img":{"alt_text":"","src":"https:\/\/i0.wp.com\/blog.kunstgriff.net\/wp-content\/uploads\/2018\/04\/noch-nicht-weit-gekommen.jpg?fit=1200%2C800&ssl=1&resize=350%2C200","width":350,"height":200,"srcset":"https:\/\/i0.wp.com\/blog.kunstgriff.net\/wp-content\/uploads\/2018\/04\/noch-nicht-weit-gekommen.jpg?fit=1200%2C800&ssl=1&resize=350%2C200 1x, https:\/\/i0.wp.com\/blog.kunstgriff.net\/wp-content\/uploads\/2018\/04\/noch-nicht-weit-gekommen.jpg?fit=1200%2C800&ssl=1&resize=525%2C300 1.5x, https:\/\/i0.wp.com\/blog.kunstgriff.net\/wp-content\/uploads\/2018\/04\/noch-nicht-weit-gekommen.jpg?fit=1200%2C800&ssl=1&resize=700%2C400 2x, https:\/\/i0.wp.com\/blog.kunstgriff.net\/wp-content\/uploads\/2018\/04\/noch-nicht-weit-gekommen.jpg?fit=1200%2C800&ssl=1&resize=1050%2C600 3x"},"classes":[]}],"jetpack_likes_enabled":true,"jetpack_sharing_enabled":true,"_links":{"self":[{"href":"https:\/\/blog.kunstgriff.net\/index.php?rest_route=\/wp\/v2\/pages\/9310","targetHints":{"allow":["GET"]}}],"collection":[{"href":"https:\/\/blog.kunstgriff.net\/index.php?rest_route=\/wp\/v2\/pages"}],"about":[{"href":"https:\/\/blog.kunstgriff.net\/index.php?rest_route=\/wp\/v2\/types\/page"}],"author":[{"embeddable":true,"href":"https:\/\/blog.kunstgriff.net\/index.php?rest_route=\/wp\/v2\/users\/1"}],"replies":[{"embeddable":true,"href":"https:\/\/blog.kunstgriff.net\/index.php?rest_route=%2Fwp%2Fv2%2Fcomments&post=9310"}],"version-history":[{"count":0,"href":"https:\/\/blog.kunstgriff.net\/index.php?rest_route=\/wp\/v2\/pages\/9310\/revisions"}],"up":[{"embeddable":true,"href":"https:\/\/blog.kunstgriff.net\/index.php?rest_route=\/wp\/v2\/pages\/220"}],"wp:attachment":[{"href":"https:\/\/blog.kunstgriff.net\/index.php?rest_route=%2Fwp%2Fv2%2Fmedia&parent=9310"}],"curies":[{"name":"wp","href":"https:\/\/api.w.org\/{rel}","templated":true}]}}